{"id":321,"date":"2025-07-24T13:02:23","date_gmt":"2025-07-24T13:02:23","guid":{"rendered":"http:\/\/taivoan.fr\/?page_id=321"},"modified":"2025-12-26T20:45:22","modified_gmt":"2025-12-26T20:45:22","slug":"papier-decoupe","status":"publish","type":"page","link":"https:\/\/taivoan.fr\/index.php\/papier-decoupe\/","title":{"rendered":"Papier d\u00e9coup\u00e9"},"content":{"rendered":"\n<p class=\"has-black-color has-text-color has-background has-link-color wp-elements-e4c51f3a862634ec8d7cff5f03a367cf\" style=\"background-color:#f60909a1;font-size:19px\"><strong><mark style=\"background-color:rgba(0, 0, 0, 0);color:#000000\" class=\"has-inline-color\">Le papier d\u00e9coup\u00e9<\/mark> <\/strong>est un art traditionnel qui consiste \u00e0 d\u00e9couper des motifs dans du papier \u00e0 l\u2019aide de ciseaux ou d\u2019un petit couteau.<br>Les motifs repr\u00e9sentent souvent des fleurs, des animaux, des personnages ou des symboles porte-bonheur.<\/p>\n\n\n\n<p class=\"has-black-color has-text-color has-background has-link-color wp-elements-fd2202c9025798a4f4e33a26e8a3e508\" style=\"background-color:#f60909a1;font-size:19px\">On utilise g\u00e9n\u00e9ralement du papier rouge, couleur associ\u00e9e \u00e0 la joie, au bonheur et \u00e0 la chance.<br>Le papier d\u00e9coup\u00e9 est surtout utilis\u00e9 pour les f\u00eates, le Nouvel An, les mariages et la d\u00e9coration des fen\u00eatres ou des murs.<\/p>\n\n\n\n<p class=\"has-black-color has-text-color has-background has-link-color wp-elements-d85cc69ea1d84ff58a655ef4c011f0e5\" style=\"background-color:#f60909a1;font-size:19px\">Cet art demande de la patience et de la pr\u00e9cision et sert \u00e0 exprimer des v\u0153ux de bonheur et de prosp\u00e9rit\u00e9.<\/p>\n\n\n\n<div class=\"wp-block-columns is-layout-flex wp-container-core-columns-is-layout-28f84493 wp-block-columns-is-layout-flex\">\n<div class=\"wp-block-column is-layout-flow wp-block-column-is-layout-flow\">\n<figure class=\"wp-block-image size-large\"><img alt=\"\" loading=\"lazy\" decoding=\"async\" width=\"768\" height=\"1024\" src=\"https:\/\/taivoan.fr\/wp-content\/uploads\/2025\/12\/papier-decoupe-Filip-1-768x1024.jpeg\" alt=\"\" class=\"wp-image-1490\" srcset=\"https:\/\/taivoan.fr\/wp-content\/uploads\/2025\/12\/papier-decoupe-Filip-1-768x1024.jpeg 768w, https:\/\/taivoan.fr\/wp-content\/uploads\/2025\/12\/papier-decoupe-Filip-1-225x300.jpeg 225w, https:\/\/taivoan.fr\/wp-content\/uploads\/2025\/12\/papier-decoupe-Filip-1-1152x1536.jpeg 1152w, https:\/\/taivoan.fr\/wp-content\/uploads\/2025\/12\/papier-decoupe-Filip-1.jpeg 1536w\" sizes=\"auto, (max-width: 768px) 100vw, 768px\" \/><\/figure>\n<\/div>\n\n\n\n<div class=\"wp-block-column is-layout-flow wp-block-column-is-layout-flow\">\n<figure class=\"wp-block-image size-large\"><img alt=\"\" loading=\"lazy\" decoding=\"async\" width=\"768\" height=\"1024\" src=\"https:\/\/taivoan.fr\/wp-content\/uploads\/2025\/12\/papier-decoupe-Gabriel-768x1024.jpeg\" alt=\"\" class=\"wp-image-1491\" srcset=\"https:\/\/taivoan.fr\/wp-content\/uploads\/2025\/12\/papier-decoupe-Gabriel-768x1024.jpeg 768w, https:\/\/taivoan.fr\/wp-content\/uploads\/2025\/12\/papier-decoupe-Gabriel-225x300.jpeg 225w, https:\/\/taivoan.fr\/wp-content\/uploads\/2025\/12\/papier-decoupe-Gabriel-1152x1536.jpeg 1152w, https:\/\/taivoan.fr\/wp-content\/uploads\/2025\/12\/papier-decoupe-Gabriel.jpeg 1536w\" sizes=\"auto, (max-width: 768px) 100vw, 768px\" \/><\/figure>\n<\/div>\n\n\n\n<div class=\"wp-block-column is-layout-flow wp-block-column-is-layout-flow\">\n<figure class=\"wp-block-image size-large\"><img alt=\"\" loading=\"lazy\" decoding=\"async\" width=\"768\" height=\"1024\" src=\"https:\/\/taivoan.fr\/wp-content\/uploads\/2025\/12\/papier-decoupe-Sylvie-768x1024.jpeg\" alt=\"\" class=\"wp-image-1492\" srcset=\"https:\/\/taivoan.fr\/wp-content\/uploads\/2025\/12\/papier-decoupe-Sylvie-768x1024.jpeg 768w, https:\/\/taivoan.fr\/wp-content\/uploads\/2025\/12\/papier-decoupe-Sylvie-225x300.jpeg 225w, https:\/\/taivoan.fr\/wp-content\/uploads\/2025\/12\/papier-decoupe-Sylvie-1152x1536.jpeg 1152w, https:\/\/taivoan.fr\/wp-content\/uploads\/2025\/12\/papier-decoupe-Sylvie.jpeg 1536w\" sizes=\"auto, (max-width: 768px) 100vw, 768px\" \/><\/figure>\n<\/div>\n<\/div>\n\n\n\n<div class=\"wp-block-columns is-layout-flex wp-container-core-columns-is-layout-28f84493 wp-block-columns-is-layout-flex\">\n<div class=\"wp-block-column is-layout-flow wp-block-column-is-layout-flow\" style=\"flex-basis:100%\">\n<div class=\"wp-block-columns is-layout-flex wp-container-core-columns-is-layout-28f84493 wp-block-columns-is-layout-flex\">\n<div class=\"wp-block-column is-layout-flow wp-block-column-is-layout-flow\">\n<h2 class=\"wp-block-heading has-text-align-center has-black-color has-text-color has-link-color wp-elements-276b976074c454f6368428e78811f48c\">Filip<\/h2>\n<\/div>\n\n\n\n<div class=\"wp-block-column is-layout-flow wp-block-column-is-layout-flow\">\n<h2 class=\"wp-block-heading has-text-align-center has-black-color has-text-color has-link-color wp-elements-6b87c1bc1eb6718717b34ac5146ab0e9\">Gabriel<\/h2>\n<\/div>\n\n\n\n<div class=\"wp-block-column is-layout-flow wp-block-column-is-layout-flow\">\n<h2 class=\"wp-block-heading has-text-align-center has-black-color has-text-color has-link-color wp-elements-7b011deb42c3743a9fb8e63797a3afaa\">Sylvie<\/h2>\n<\/div>\n<\/div>\n<\/div>\n<\/div>\n\n\n\n<div class=\"wp-block-columns is-layout-flex wp-container-core-columns-is-layout-28f84493 wp-block-columns-is-layout-flex\">\n<div class=\"wp-block-column is-layout-flow wp-block-column-is-layout-flow\">\n<div class=\"wp-block-columns is-layout-flex wp-container-core-columns-is-layout-28f84493 wp-block-columns-is-layout-flex\">\n<div class=\"wp-block-column is-layout-flow wp-block-column-is-layout-flow\">\n<div class=\"wp-block-columns is-layout-flex wp-container-core-columns-is-layout-28f84493 wp-block-columns-is-layout-flex\">\n<div class=\"wp-block-column is-layout-flow wp-block-column-is-layout-flow\">\n<h2 class=\"wp-block-heading has-white-color has-text-color has-background has-link-color wp-elements-ba2ad28bf2e93a3f7afc55623b81f102\" style=\"background-color:#00000078;font-size:25px\">Atelier de papier d\u00e9coup\u00e9 : \u00ab\u202f\u5409\u202f\u00bb (Bonne chance) et \u00ab\u202f\u7a97\u82b1\u202f\u00bb (Fleurs de fen\u00eatre)<\/h2>\n\n\n\n<p class=\"has-raft-fg-alt-color has-text-color has-background has-link-color wp-elements-4a45c7aade514ce19c1495b455c28ea8\" style=\"background-color:#00000078\">L\u2019atelier a \u00e9t\u00e9 organis\u00e9 afin de faire d\u00e9couvrir l\u2019art traditionnel chinois du papier d\u00e9coup\u00e9. Les participants ont appris \u00e0 cr\u00e9er les caract\u00e8res porte-bonheur \u00ab\u202f\u5409\u202f\u00bb et les d\u00e9corations de fen\u00eatres \u00ab\u202f\u7a97\u82b1\u202f\u00bb.<\/p>\n\n\n\n<p class=\"has-raft-fg-alt-color has-text-color has-background has-link-color wp-elements-681e02409fc209026d5681ed70807bde\" style=\"background-color:#00000078\">Chacun a pu exp\u00e9rimenter diff\u00e9rentes techniques de d\u00e9coupe, jouer avec les motifs et les couleurs, et repartir avec ses propres cr\u00e9ations.<br>Cet atelier a \u00e9t\u00e9 un moment convivial et cr\u00e9atif, favorisant la d\u00e9couverte culturelle et l\u2019expression artistique individuelle.<\/p>\n<\/div>\n<\/div>\n<\/div>\n<\/div>\n<\/div>\n\n\n\n<div class=\"wp-block-column is-layout-flow wp-block-column-is-layout-flow\">\n<p class=\"has-black-color has-text-color has-background has-link-color wp-elements-111f80a51d1e3525102c3d9517ae682b\" style=\"background-color:#fcfcfc6e;font-size:30px\"><strong>\u526a\u7d19\u5de5\u4f5c\u574a\uff1a\u300c\u5409\u300d\uff08\u597d\u904b\uff09\u8207\u300c\u7a97\u82b1\u300d<\/strong><\/p>\n\n\n\n<p class=\"has-black-color has-text-color has-background has-link-color wp-elements-1735436acd2885b058e2c2bf22bb2c54\" style=\"background-color:#fcfcfc6e\"><strong>\u672c\u6b21\u5de5\u4f5c\u574a\u65e8\u5728\u8b93\u53c3\u52a0\u8005\u9ad4\u9a57\u4e2d\u570b\u50b3\u7d71\u526a\u7d19\u85dd\u8853\u3002\u5927\u5bb6\u5b78\u7fd2\u88fd\u4f5c\u8c61\u5fb5\u5409\u7965\u7684\u300c\u5409\u300d\u5b57\uff0c\u4ee5\u53ca\u7a97\u6236\u88dd\u98fe\u7528\u7684\u300c\u7a97\u82b1\u300d\u3002<\/strong><\/p>\n\n\n\n<p class=\"has-black-color has-text-color has-background has-link-color wp-elements-8c8b403892c8042aec87f59bf5b20381\" style=\"background-color:#fcfcfc6e\"><strong>\u53c3\u52a0\u8005\u5617\u8a66\u4e86\u4e0d\u540c\u7684\u526a\u7d19\u6280\u5de7\uff0c\u904b\u7528\u5404\u7a2e\u5716\u6848\u8207\u984f\u8272\uff0c\u4e26\u5c07\u81ea\u5df1\u5b8c\u6210\u7684\u4f5c\u54c1\u5e36\u56de\u5bb6\u3002<br>\u6b64\u6b21\u5de5\u4f5c\u574a\u4e0d\u50c5\u5145\u6eff\u5275\u610f\u8207\u6a02\u8da3\uff0c\u4e5f\u4fc3\u9032\u4e86\u6587\u5316\u9ad4\u9a57\u8207\u500b\u4eba\u85dd\u8853\u8868\u9054\u3002<\/strong><\/p>\n<\/div>\n<\/div>\n\n\n\n<p><\/p>\n\n\n\n<div class=\"wp-block-columns is-layout-flex wp-container-core-columns-is-layout-28f84493 wp-block-columns-is-layout-flex\">\n<div class=\"wp-block-column is-layout-flow wp-block-column-is-layout-flow\">\n<p><\/p>\n<\/div>\n\n\n\n<div class=\"wp-block-column is-layout-flow wp-block-column-is-layout-flow\"><\/div>\n<\/div>\n\n\n\n<p><\/p>\n","protected":false},"excerpt":{"rendered":"<p>Le papier d\u00e9coup\u00e9 est un art traditionnel qui consiste \u00e0 d\u00e9couper des motifs dans du papier \u00e0 l\u2019aide de ciseaux ou d\u2019un petit couteau.Les motifs repr\u00e9sentent souvent des fleurs, des animaux, des personnages ou des symboles porte-bonheur. On utilise g\u00e9n\u00e9ralement du papier rouge, couleur associ\u00e9e \u00e0 la joie, au bonheur et \u00e0 la chance.Le papier [&hellip;]<\/p>\n","protected":false},"author":1,"featured_media":0,"parent":0,"menu_order":0,"comment_status":"closed","ping_status":"closed","template":"","meta":{"_seopress_robots_primary_cat":"","_seopress_titles_title":"","_seopress_titles_desc":"","_seopress_robots_index":"","footnotes":""},"class_list":["post-321","page","type-page","status-publish","hentry"],"_links":{"self":[{"href":"https:\/\/taivoan.fr\/index.php\/wp-json\/wp\/v2\/pages\/321","targetHints":{"allow":["GET"]}}],"collection":[{"href":"https:\/\/taivoan.fr\/index.php\/wp-json\/wp\/v2\/pages"}],"about":[{"href":"https:\/\/taivoan.fr\/index.php\/wp-json\/wp\/v2\/types\/page"}],"author":[{"embeddable":true,"href":"https:\/\/taivoan.fr\/index.php\/wp-json\/wp\/v2\/users\/1"}],"replies":[{"embeddable":true,"href":"https:\/\/taivoan.fr\/index.php\/wp-json\/wp\/v2\/comments?post=321"}],"version-history":[{"count":14,"href":"https:\/\/taivoan.fr\/index.php\/wp-json\/wp\/v2\/pages\/321\/revisions"}],"predecessor-version":[{"id":1506,"href":"https:\/\/taivoan.fr\/index.php\/wp-json\/wp\/v2\/pages\/321\/revisions\/1506"}],"wp:attachment":[{"href":"https:\/\/taivoan.fr\/index.php\/wp-json\/wp\/v2\/media?parent=321"}],"curies":[{"name":"wp","href":"https:\/\/api.w.org\/{rel}","templated":true}]}}