{"id":178,"date":"2025-07-23T11:22:08","date_gmt":"2025-07-23T11:22:08","guid":{"rendered":"http:\/\/taivoan.fr\/?page_id=178"},"modified":"2025-09-04T15:41:35","modified_gmt":"2025-09-04T15:41:35","slug":"activite","status":"publish","type":"page","link":"https:\/\/taivoan.fr\/index.php\/activite\/","title":{"rendered":"Activit\u00e9 \u85dd\u6587\u6d3b\u52d5"},"content":{"rendered":"\n<div class=\"wp-block-group is-layout-grid wp-container-core-group-is-layout-29271053 wp-block-group-is-layout-grid\">\n<div class=\"wp-block-media-text is-stacked-on-mobile has-text-color has-link-color wp-elements-ae46b973b89695b03aaa17f49cb272f1\" style=\"color:#ffffff9c\"><figure class=\"wp-block-media-text__media\"><img alt=\"\" loading=\"lazy\" decoding=\"async\" width=\"512\" height=\"512\" src=\"http:\/\/taivoan.fr\/wp-content\/uploads\/2025\/07\/cropped-eternel-1.jpg\" alt=\"\" class=\"wp-image-94 size-full\" srcset=\"https:\/\/taivoan.fr\/wp-content\/uploads\/2025\/07\/cropped-eternel-1.jpg 512w, https:\/\/taivoan.fr\/wp-content\/uploads\/2025\/07\/cropped-eternel-1-300x300.jpg 300w, https:\/\/taivoan.fr\/wp-content\/uploads\/2025\/07\/cropped-eternel-1-150x150.jpg 150w, https:\/\/taivoan.fr\/wp-content\/uploads\/2025\/07\/cropped-eternel-1-100x100.jpg 100w, https:\/\/taivoan.fr\/wp-content\/uploads\/2025\/07\/cropped-eternel-1-270x270.jpg 270w, https:\/\/taivoan.fr\/wp-content\/uploads\/2025\/07\/cropped-eternel-1-192x192.jpg 192w, https:\/\/taivoan.fr\/wp-content\/uploads\/2025\/07\/cropped-eternel-1-180x180.jpg 180w, https:\/\/taivoan.fr\/wp-content\/uploads\/2025\/07\/cropped-eternel-1-32x32.jpg 32w\" sizes=\"auto, (max-width: 512px) 100vw, 512px\" \/><\/figure><div class=\"wp-block-media-text__content\">\n<h3 class=\"wp-block-heading has-text-color has-link-color wp-elements-021b70517064a102180895eb72f06712\" style=\"color:#000000a6;font-size:20px\"><a href=\"http:\/\/taivoan.fr\/index.php\/calligraphie-chinoise\/\" data-type=\"page\" data-id=\"352\">Calligraphie chinoi<\/a>se <\/h3>\n\n\n\n<h3 class=\"wp-block-heading has-text-color has-link-color wp-elements-e9a2064742ab3f032d1c7a6c81f31573\" style=\"color:#000000ba;font-size:20px\">\u66f8\u6cd5<\/h3>\n<\/div><\/div>\n\n\n\n<div class=\"wp-block-media-text is-stacked-on-mobile has-text-color has-link-color wp-elements-b1096219cdd6c4b621cc392f9120fc3b\" style=\"color:#ffffff9c\"><figure class=\"wp-block-media-text__media\"><img alt=\"\" loading=\"lazy\" decoding=\"async\" width=\"729\" height=\"1024\" src=\"http:\/\/taivoan.fr\/wp-content\/uploads\/2025\/07\/Lotus4-729x1024.jpg\" alt=\"\" class=\"wp-image-430 size-full\" srcset=\"https:\/\/taivoan.fr\/wp-content\/uploads\/2025\/07\/Lotus4-729x1024.jpg 729w, https:\/\/taivoan.fr\/wp-content\/uploads\/2025\/07\/Lotus4-214x300.jpg 214w, https:\/\/taivoan.fr\/wp-content\/uploads\/2025\/07\/Lotus4-768x1079.jpg 768w, https:\/\/taivoan.fr\/wp-content\/uploads\/2025\/07\/Lotus4-1093x1536.jpg 1093w, https:\/\/taivoan.fr\/wp-content\/uploads\/2025\/07\/Lotus4.jpg 1364w\" sizes=\"auto, (max-width: 729px) 100vw, 729px\" \/><\/figure><div class=\"wp-block-media-text__content\">\n<h3 class=\"wp-block-heading has-text-color has-link-color wp-elements-521c84aee4a8563da4e84af48006c43e\" style=\"color:#bdbdbd;font-size:20px\"><a href=\"http:\/\/taivoan.fr\/?page_id=442\" data-type=\"page\" data-id=\"442\">Peinture chinoise<\/a> <\/h3>\n\n\n\n<h3 class=\"wp-block-heading has-text-color has-link-color wp-elements-c3559e6ade9f1faa4454270b83ae16d5\" style=\"color:#bdbdbd;font-size:20px\">\u570b\u756b<\/h3>\n<\/div><\/div>\n<\/div>\n\n\n\n<div class=\"wp-block-columns is-layout-flex wp-container-core-columns-is-layout-28f84493 wp-block-columns-is-layout-flex\">\n<div class=\"wp-block-column is-layout-flow wp-block-column-is-layout-flow\" style=\"flex-basis:100%\">\n<div class=\"wp-block-group is-layout-grid wp-container-core-group-is-layout-29271053 wp-block-group-is-layout-grid\">\n<div class=\"wp-block-media-text is-stacked-on-mobile wp-container-content-b4c5012d\"><figure class=\"wp-block-media-text__media\"><img alt=\"\" loading=\"lazy\" decoding=\"async\" width=\"743\" height=\"1024\" src=\"http:\/\/taivoan.fr\/wp-content\/uploads\/2025\/07\/papier-decoupee-traditionel1-743x1024.jpg\" alt=\"\" class=\"wp-image-293 size-full\" srcset=\"https:\/\/taivoan.fr\/wp-content\/uploads\/2025\/07\/papier-decoupee-traditionel1-743x1024.jpg 743w, https:\/\/taivoan.fr\/wp-content\/uploads\/2025\/07\/papier-decoupee-traditionel1-218x300.jpg 218w, https:\/\/taivoan.fr\/wp-content\/uploads\/2025\/07\/papier-decoupee-traditionel1-768x1059.jpg 768w, https:\/\/taivoan.fr\/wp-content\/uploads\/2025\/07\/papier-decoupee-traditionel1-1114x1536.jpg 1114w, https:\/\/taivoan.fr\/wp-content\/uploads\/2025\/07\/papier-decoupee-traditionel1.jpg 1448w\" sizes=\"auto, (max-width: 743px) 100vw, 743px\" \/><\/figure><div class=\"wp-block-media-text__content\">\n<h3 class=\"wp-block-heading has-text-color has-link-color wp-elements-2f90e2a6c8d18b9b06671320190e8fa6\" style=\"color:#ebe8e6d4;font-size:20px\"><a href=\"http:\/\/taivoan.fr\/index.php\/papier-decoupe\/\" data-type=\"page\" data-id=\"321\">Papier d\u00e9coup\u00e9<\/a> <\/h3>\n\n\n\n<h3 class=\"wp-block-heading has-text-color has-link-color wp-elements-16dff06433ffa505572d77afbe14f47c\" style=\"color:#ebe8e6d4;font-size:20px\">\u526a\u7d19<\/h3>\n<\/div><\/div>\n\n\n\n<div class=\"wp-block-media-text is-stacked-on-mobile\"><figure class=\"wp-block-media-text__media\"><img alt=\"\" loading=\"lazy\" decoding=\"async\" width=\"1024\" height=\"1002\" src=\"http:\/\/taivoan.fr\/wp-content\/uploads\/2025\/07\/origami1-1024x1002.jpg\" alt=\"\" class=\"wp-image-431 size-full\" srcset=\"https:\/\/taivoan.fr\/wp-content\/uploads\/2025\/07\/origami1-1024x1002.jpg 1024w, https:\/\/taivoan.fr\/wp-content\/uploads\/2025\/07\/origami1-300x294.jpg 300w, https:\/\/taivoan.fr\/wp-content\/uploads\/2025\/07\/origami1-768x752.jpg 768w, https:\/\/taivoan.fr\/wp-content\/uploads\/2025\/07\/origami1-1536x1504.jpg 1536w, https:\/\/taivoan.fr\/wp-content\/uploads\/2025\/07\/origami1.jpg 1569w\" sizes=\"auto, (max-width: 1024px) 100vw, 1024px\" \/><\/figure><div class=\"wp-block-media-text__content\">\n<h3 class=\"wp-block-heading has-raft-fg-alt-color has-text-color has-link-color wp-elements-795e4e410484361864e93c2667051151\" style=\"font-size:20px\"><a href=\"http:\/\/taivoan.fr\/index.php\/origami-chinois-2\/\" data-type=\"page\" data-id=\"343\">Origami chinois<\/a> <\/h3>\n\n\n\n<h3 class=\"wp-block-heading has-raft-fg-alt-color has-text-color has-link-color wp-elements-0171e2596d584c57c2f88562de078a32\" style=\"font-size:20px\">\u647a\u7d19<\/h3>\n<\/div><\/div>\n\n\n\n<div class=\"wp-block-media-text is-stacked-on-mobile\"><figure class=\"wp-block-media-text__media\"><img alt=\"\" loading=\"lazy\" decoding=\"async\" width=\"1024\" height=\"768\" src=\"http:\/\/taivoan.fr\/wp-content\/uploads\/2025\/07\/ceremonie-du-the-1024x768.jpg\" alt=\"\" class=\"wp-image-537 size-full\" srcset=\"https:\/\/taivoan.fr\/wp-content\/uploads\/2025\/07\/ceremonie-du-the-1024x768.jpg 1024w, https:\/\/taivoan.fr\/wp-content\/uploads\/2025\/07\/ceremonie-du-the-300x225.jpg 300w, https:\/\/taivoan.fr\/wp-content\/uploads\/2025\/07\/ceremonie-du-the-768x576.jpg 768w, https:\/\/taivoan.fr\/wp-content\/uploads\/2025\/07\/ceremonie-du-the-1536x1152.jpg 1536w, https:\/\/taivoan.fr\/wp-content\/uploads\/2025\/07\/ceremonie-du-the.jpg 2048w\" sizes=\"auto, (max-width: 1024px) 100vw, 1024px\" \/><\/figure><div class=\"wp-block-media-text__content\">\n<h3 class=\"wp-block-heading has-text-color has-link-color wp-elements-da018466242aba880a657770e99d9313\" style=\"color:#979797;font-size:20px\"><a href=\"http:\/\/taivoan.fr\/index.php\/ceremonie-du-the\/\" data-type=\"page\" data-id=\"322\">C\u00e9r\u00e9monie du th\u00e9<\/a> <\/h3>\n\n\n\n<h3 class=\"wp-block-heading has-text-color has-link-color wp-elements-a4d5c23f80df9cc317d32967654eba0d\" style=\"color:#979797;font-size:20px\">\u8336\u9053<\/h3>\n<\/div><\/div>\n\n\n\n<div class=\"wp-block-media-text is-stacked-on-mobile\"><figure class=\"wp-block-media-text__media\"><img alt=\"\" loading=\"lazy\" decoding=\"async\" width=\"768\" height=\"1024\" src=\"http:\/\/taivoan.fr\/wp-content\/uploads\/2025\/07\/marionette2-768x1024.jpg\" alt=\"\" class=\"wp-image-520 size-full\" srcset=\"https:\/\/taivoan.fr\/wp-content\/uploads\/2025\/07\/marionette2-768x1024.jpg 768w, https:\/\/taivoan.fr\/wp-content\/uploads\/2025\/07\/marionette2-225x300.jpg 225w, https:\/\/taivoan.fr\/wp-content\/uploads\/2025\/07\/marionette2-1152x1536.jpg 1152w, https:\/\/taivoan.fr\/wp-content\/uploads\/2025\/07\/marionette2.jpg 1536w\" sizes=\"auto, (max-width: 768px) 100vw, 768px\" \/><\/figure><div class=\"wp-block-media-text__content\">\n<h3 class=\"wp-block-heading has-black-color has-text-color has-link-color wp-elements-91543154ffe1e06937a237531709c747\" style=\"font-size:20px\"><a href=\"http:\/\/taivoan.fr\/?page_id=534\" data-type=\"page\" data-id=\"534\">Marionnette <\/a>Ta\u00efwanaise <\/h3>\n\n\n\n<h3 class=\"wp-block-heading has-black-color has-text-color has-link-color wp-elements-4bac9d00cd535d66df9204acb4fa3efd\" style=\"font-size:20px\">\u5e03\u888b\u6232<\/h3>\n<\/div><\/div>\n\n\n\n<div class=\"wp-block-group is-layout-grid wp-container-core-group-is-layout-478b6e6b wp-block-group-is-layout-grid\">\n<div class=\"wp-block-media-text is-stacked-on-mobile is-vertically-aligned-center\"><figure class=\"wp-block-media-text__media\"><img alt=\"\" loading=\"lazy\" decoding=\"async\" width=\"1024\" height=\"946\" src=\"http:\/\/taivoan.fr\/wp-content\/uploads\/2025\/07\/tempon-1024x946.jpg\" alt=\"\" class=\"wp-image-935 size-full\" srcset=\"https:\/\/taivoan.fr\/wp-content\/uploads\/2025\/07\/tempon-1024x946.jpg 1024w, https:\/\/taivoan.fr\/wp-content\/uploads\/2025\/07\/tempon-300x277.jpg 300w, https:\/\/taivoan.fr\/wp-content\/uploads\/2025\/07\/tempon-768x710.jpg 768w, https:\/\/taivoan.fr\/wp-content\/uploads\/2025\/07\/tempon.jpg 1472w\" sizes=\"auto, (max-width: 1024px) 100vw, 1024px\" \/><\/figure><div class=\"wp-block-media-text__content\">\n<p><\/p>\n\n\n\n<h3 class=\"wp-block-heading has-black-color has-text-color has-link-color wp-elements-25a5bc33956b8d8c91f2333d5ed119ac\" style=\"font-size:20px\"><a href=\"https:\/\/taivoan.fr\/index.php\/gravure-de-sceaux\/\" data-type=\"page\" data-id=\"948\">Gravure de sceaux<\/a><\/h3>\n\n\n\n<h3 class=\"wp-block-heading has-black-color has-text-color has-link-color wp-elements-e031d7e99423753d0ba9b97e14e41e66\" style=\"font-size:20px\">\u5370\u7ae0\u523b\u5370<\/h3>\n\n\n\n<p><\/p>\n\n\n\n<p><\/p>\n<\/div><\/div>\n<\/div>\n\n\n\n<div class=\"wp-block-media-text is-stacked-on-mobile\"><figure class=\"wp-block-media-text__media\"><img alt=\"\" loading=\"lazy\" decoding=\"async\" width=\"967\" height=\"1024\" src=\"http:\/\/taivoan.fr\/wp-content\/uploads\/2025\/07\/instrument-traditionel-chinois-1-967x1024.jpg\" alt=\"\" class=\"wp-image-938 size-full\" srcset=\"https:\/\/taivoan.fr\/wp-content\/uploads\/2025\/07\/instrument-traditionel-chinois-1-967x1024.jpg 967w, https:\/\/taivoan.fr\/wp-content\/uploads\/2025\/07\/instrument-traditionel-chinois-1-283x300.jpg 283w, https:\/\/taivoan.fr\/wp-content\/uploads\/2025\/07\/instrument-traditionel-chinois-1-768x814.jpg 768w, https:\/\/taivoan.fr\/wp-content\/uploads\/2025\/07\/instrument-traditionel-chinois-1.jpg 1164w\" sizes=\"auto, (max-width: 967px) 100vw, 967px\" \/><\/figure><div class=\"wp-block-media-text__content\">\n<h3 class=\"wp-block-heading has-raft-bg-color has-text-color has-link-color wp-elements-3d65d84b966af105216033b73578b2ab\" style=\"font-size:20px\"><a href=\"https:\/\/taivoan.fr\/?page_id=1054\" data-type=\"page\" data-id=\"1054\">Transmission des chants traditionnels ta\u00efwanais<\/a><\/h3>\n\n\n\n<h3 class=\"wp-block-heading has-raft-bg-color has-text-color has-link-color wp-elements-1bf6dbbea4316b68e8ca4ad31d9a48a2\" style=\"font-size:20px\">\u53f0\u7063\u50b3\u7d71\u6b4c\u8b20\u50b3\u5531<\/h3>\n<\/div><\/div>\n<\/div>\n<\/div>\n<\/div>\n\n\n\n<div class=\"wp-block-group is-layout-grid wp-container-core-group-is-layout-b757edec wp-block-group-is-layout-grid\">\n<div class=\"wp-block-group is-layout-grid wp-container-core-group-is-layout-478b6e6b wp-block-group-is-layout-grid\">\n<div class=\"wp-block-media-text is-stacked-on-mobile\"><figure class=\"wp-block-media-text__media\"><img alt=\"\" loading=\"lazy\" decoding=\"async\" width=\"690\" height=\"1024\" src=\"http:\/\/taivoan.fr\/wp-content\/uploads\/2025\/07\/lombre-chinois-roi-singe-690x1024.jpg\" alt=\"\" class=\"wp-image-1048 size-full\" srcset=\"https:\/\/taivoan.fr\/wp-content\/uploads\/2025\/07\/lombre-chinois-roi-singe-690x1024.jpg 690w, https:\/\/taivoan.fr\/wp-content\/uploads\/2025\/07\/lombre-chinois-roi-singe-202x300.jpg 202w, https:\/\/taivoan.fr\/wp-content\/uploads\/2025\/07\/lombre-chinois-roi-singe-768x1139.jpg 768w, https:\/\/taivoan.fr\/wp-content\/uploads\/2025\/07\/lombre-chinois-roi-singe-1035x1536.jpg 1035w, https:\/\/taivoan.fr\/wp-content\/uploads\/2025\/07\/lombre-chinois-roi-singe.jpg 1324w\" sizes=\"auto, (max-width: 690px) 100vw, 690px\" \/><\/figure><div class=\"wp-block-media-text__content\">\n<h3 class=\"wp-block-heading has-black-color has-text-color has-link-color wp-elements-9b568be56f333ce5319596f0fafc6e9e\" style=\"font-size:20px\">Ombres chinoises<\/h3>\n\n\n\n<h3 class=\"wp-block-heading has-black-color has-text-color has-link-color wp-elements-37ec83db47c460f2ba182dfaf6c775a0\" style=\"font-size:20px\">\u76ae\u5f71\u6232<\/h3>\n<\/div><\/div>\n<\/div>\n\n\n\n<div class=\"wp-block-media-text is-stacked-on-mobile\" style=\"grid-template-columns:61% auto\"><figure class=\"wp-block-media-text__media\"><img alt=\"\" loading=\"lazy\" decoding=\"async\" width=\"1024\" height=\"768\" src=\"http:\/\/taivoan.fr\/wp-content\/uploads\/2025\/07\/La-riviere-limpide-devient-la-riviere-trouble-19-1-1024x768.jpg\" alt=\"\" class=\"wp-image-867 size-full\" srcset=\"https:\/\/taivoan.fr\/wp-content\/uploads\/2025\/07\/La-riviere-limpide-devient-la-riviere-trouble-19-1-1024x768.jpg 1024w, https:\/\/taivoan.fr\/wp-content\/uploads\/2025\/07\/La-riviere-limpide-devient-la-riviere-trouble-19-1-300x225.jpg 300w, https:\/\/taivoan.fr\/wp-content\/uploads\/2025\/07\/La-riviere-limpide-devient-la-riviere-trouble-19-1-768x576.jpg 768w, https:\/\/taivoan.fr\/wp-content\/uploads\/2025\/07\/La-riviere-limpide-devient-la-riviere-trouble-19-1-1536x1152.jpg 1536w, https:\/\/taivoan.fr\/wp-content\/uploads\/2025\/07\/La-riviere-limpide-devient-la-riviere-trouble-19-1.jpg 1600w\" sizes=\"auto, (max-width: 1024px) 100vw, 1024px\" \/><\/figure><div class=\"wp-block-media-text__content\">\n<p><\/p>\n\n\n\n<h3 class=\"wp-block-heading has-text-color has-link-color wp-elements-8fec06fb133cb8ff8a90df61d65456fc\" style=\"color:#9c9c9c;font-size:20px\">Th\u00e9\u00e2tre de peinture chinoise <\/h3>\n\n\n\n<h3 class=\"wp-block-heading has-text-color has-link-color wp-elements-d6f3b337e79327b02e041da1b2fc56b8\" style=\"color:#9c9c9c;font-size:20px\">\u7532\u91d1\u6587\u66f8\u756b\u5c0f\u5287\u5834<\/h3>\n<\/div><\/div>\n<\/div>\n\n\n\n<p class=\"has-black-color has-text-color has-link-color wp-elements-9ac00cf961d1ea846fe5a532228b76c6\"><\/p>\n\n\n\n<p><\/p>\n","protected":false},"excerpt":{"rendered":"<p>Calligraphie chinoise \u66f8\u6cd5 Peinture chinoise \u570b\u756b Papier d\u00e9coup\u00e9 \u526a\u7d19 Origami chinois \u647a\u7d19 C\u00e9r\u00e9monie du th\u00e9 \u8336\u9053 Marionnette Ta\u00efwanaise \u5e03\u888b\u6232 Gravure de sceaux \u5370\u7ae0\u523b\u5370 Transmission des chants traditionnels ta\u00efwanais \u53f0\u7063\u50b3\u7d71\u6b4c\u8b20\u50b3\u5531 Ombres chinoises \u76ae\u5f71\u6232 Th\u00e9\u00e2tre de peinture chinoise \u7532\u91d1\u6587\u66f8\u756b\u5c0f\u5287\u5834<\/p>\n","protected":false},"author":1,"featured_media":0,"parent":0,"menu_order":0,"comment_status":"closed","ping_status":"closed","template":"","meta":{"_seopress_robots_primary_cat":"","_seopress_titles_title":"","_seopress_titles_desc":"","_seopress_robots_index":"","footnotes":""},"class_list":["post-178","page","type-page","status-publish","hentry"],"_links":{"self":[{"href":"https:\/\/taivoan.fr\/index.php\/wp-json\/wp\/v2\/pages\/178","targetHints":{"allow":["GET"]}}],"collection":[{"href":"https:\/\/taivoan.fr\/index.php\/wp-json\/wp\/v2\/pages"}],"about":[{"href":"https:\/\/taivoan.fr\/index.php\/wp-json\/wp\/v2\/types\/page"}],"author":[{"embeddable":true,"href":"https:\/\/taivoan.fr\/index.php\/wp-json\/wp\/v2\/users\/1"}],"replies":[{"embeddable":true,"href":"https:\/\/taivoan.fr\/index.php\/wp-json\/wp\/v2\/comments?post=178"}],"version-history":[{"count":55,"href":"https:\/\/taivoan.fr\/index.php\/wp-json\/wp\/v2\/pages\/178\/revisions"}],"predecessor-version":[{"id":1424,"href":"https:\/\/taivoan.fr\/index.php\/wp-json\/wp\/v2\/pages\/178\/revisions\/1424"}],"wp:attachment":[{"href":"https:\/\/taivoan.fr\/index.php\/wp-json\/wp\/v2\/media?parent=178"}],"curies":[{"name":"wp","href":"https:\/\/api.w.org\/{rel}","templated":true}]}}