{"id":176,"date":"2025-07-23T11:21:50","date_gmt":"2025-07-23T11:21:50","guid":{"rendered":"http:\/\/taivoan.fr\/?page_id=176"},"modified":"2025-10-23T15:44:29","modified_gmt":"2025-10-23T15:44:29","slug":"contact","status":"publish","type":"page","link":"https:\/\/taivoan.fr\/index.php\/contact\/","title":{"rendered":"Contact \u806f\u7d61\u6211\u5011"},"content":{"rendered":"\n<h4 class=\"wp-block-heading has-text-color has-background has-link-color wp-elements-3c427193d3d753cda0b8f5e88ae24ae7\" style=\"color:#fcfcfca6;background-color:#0000005c;font-size:20px\"><strong>T\u00e9l\u00e9phone :<\/strong> 06 95 57 50 66 (Mme Wei HUANG)<br><strong>E-mail :<\/strong> <a>Taivoan@outlook.fr<\/a><br><\/h4>\n\n\n\n<h3 class=\"wp-block-heading has-text-color has-link-color wp-elements-98509d74ee1ad54301d41949fbc8ebc2\" style=\"color:#00000091\"><strong>Ou contactez-nous directement sur place :<\/strong><\/h3>\n\n\n\n<h4 class=\"wp-block-heading has-text-color has-background has-link-color wp-elements-8a8905b175595f31afc4418897548821\" style=\"color:#fcfcfca6;background-color:#0000005c;font-size:20px\"><strong>Tous les lundis<\/strong>, de 18h \u00e0 20h, \u00e0 la <strong><a href=\"https:\/\/maisondesassociations.marseille.fr\/\">Maison des Associations de Marseille<\/a><\/strong><\/h4>\n\n\n\n<div class=\"wp-block-columns is-layout-flex wp-container-core-columns-is-layout-28f84493 wp-block-columns-is-layout-flex\">\n<div class=\"wp-block-column is-layout-flow wp-block-column-is-layout-flow\">\n<h4 class=\"wp-block-heading has-text-color has-background has-link-color wp-elements-1596b51683e9ec26d3100cadd98360b9\" style=\"color:#fcfcfca6;background-color:#0000005c;font-size:20px\">Tous les mardi, de 17h \u00e0 19h30, au <a href=\"https:\/\/marseille.ifac.asso.fr\/centre-social-fissiaux-5-avenues\/\"><strong>Centre Fissiaux de IFAC Marseille<\/strong><\/a><\/h4>\n<\/div>\n<\/div>\n\n\n\n<h4 class=\"wp-block-heading has-text-color has-background has-link-color wp-elements-e722f73645435dc90644965bb4c7f706\" style=\"color:#fcfcfca6;background-color:#0000005c;font-size:20px\">Un mercredi sur deux, \u00e0 partir de 16h, au <strong><a href=\"https:\/\/theatreducentaure.com\/\">Th\u00e9\u00e2tre du Centaure<\/a><\/strong><\/h4>\n\n\n\n<h4 class=\"wp-block-heading has-text-color has-background has-link-color wp-elements-ef1773e91a67232d4948743316fd5e8c\" style=\"color:#fcfcfca6;background-color:#0000005c;font-size:20px\">Un autre mercredi, \u00e0 partir de 14h30, au <strong><a href=\"https:\/\/www.letalus.com\/\">Talus<\/a><\/strong><\/h4>\n\n\n\n<p class=\"has-raft-bg-alt-background-color has-background\"><\/p>\n","protected":false},"excerpt":{"rendered":"<p>T\u00e9l\u00e9phone : 06 95 57 50 66 (Mme Wei HUANG)E-mail : Taivoan@outlook.fr Ou contactez-nous directement sur place : Tous les lundis, de 18h \u00e0 20h, \u00e0 la Maison des Associations de Marseille Tous les mardi, de 17h \u00e0 19h30, au Centre Fissiaux de IFAC Marseille Un mercredi sur deux, \u00e0 partir de 16h, au Th\u00e9\u00e2tre [&hellip;]<\/p>\n","protected":false},"author":1,"featured_media":0,"parent":0,"menu_order":0,"comment_status":"closed","ping_status":"closed","template":"","meta":{"_seopress_robots_primary_cat":"","_seopress_titles_title":"","_seopress_titles_desc":"","_seopress_robots_index":"","footnotes":""},"class_list":["post-176","page","type-page","status-publish","hentry"],"_links":{"self":[{"href":"https:\/\/taivoan.fr\/index.php\/wp-json\/wp\/v2\/pages\/176","targetHints":{"allow":["GET"]}}],"collection":[{"href":"https:\/\/taivoan.fr\/index.php\/wp-json\/wp\/v2\/pages"}],"about":[{"href":"https:\/\/taivoan.fr\/index.php\/wp-json\/wp\/v2\/types\/page"}],"author":[{"embeddable":true,"href":"https:\/\/taivoan.fr\/index.php\/wp-json\/wp\/v2\/users\/1"}],"replies":[{"embeddable":true,"href":"https:\/\/taivoan.fr\/index.php\/wp-json\/wp\/v2\/comments?post=176"}],"version-history":[{"count":28,"href":"https:\/\/taivoan.fr\/index.php\/wp-json\/wp\/v2\/pages\/176\/revisions"}],"predecessor-version":[{"id":1458,"href":"https:\/\/taivoan.fr\/index.php\/wp-json\/wp\/v2\/pages\/176\/revisions\/1458"}],"wp:attachment":[{"href":"https:\/\/taivoan.fr\/index.php\/wp-json\/wp\/v2\/media?parent=176"}],"curies":[{"name":"wp","href":"https:\/\/api.w.org\/{rel}","templated":true}]}}