{"id":1478,"date":"2025-12-26T19:20:30","date_gmt":"2025-12-26T19:20:30","guid":{"rendered":"https:\/\/taivoan.fr\/?page_id=1478"},"modified":"2026-01-19T14:20:18","modified_gmt":"2026-01-19T14:20:18","slug":"poesie-chinois","status":"publish","type":"page","link":"https:\/\/taivoan.fr\/index.php\/poesie-chinois\/","title":{"rendered":"poesie chinois"},"content":{"rendered":"\n<h2 class=\"wp-block-heading has-text-align-center\"><strong>\u4e94\u8a00\u7d55\u53e5 (w\u01d4 y\u00e1n ju\u00e9 j\u00f9)<\/strong><\/h2>\n\n\n\n<div class=\"wp-block-group has-black-color has-text-color has-background has-link-color wp-elements-8150f2e5853787cfaed877b56a130bdd is-layout-constrained wp-block-group-is-layout-constrained\" style=\"background-color:#ffffff9e\">\n<h3 class=\"wp-block-heading\">D\u00e9finition<\/h3>\n\n\n\n<p class=\"has-black-color has-raft-bg-alt-background-color has-text-color has-background has-link-color wp-elements-d2dbf011458a59c0035094eecb7ee849\"><strong>\u4e94\u8a00\u7d55\u53e5 <\/strong><strong>(w\u01d4 y\u00e1n ju\u00e9 j\u00f9)<\/strong> signifie litt\u00e9ralement :<\/p>\n\n\n\n<ul class=\"wp-block-list\">\n<li><strong>\u4e94\u8a00<\/strong> = \u00ab cinq caract\u00e8res \u00bb (chaque vers contient 5 caract\u00e8res)<\/li>\n\n\n\n<li><strong>\u7d55\u53e5<\/strong> = \u00ab quatrain \u00bb ou \u00ab po\u00e8me bref \u00bb (4 vers)<\/li>\n<\/ul>\n\n\n\n<p>Donc, un <strong>\u4e94\u8a00\u7d55\u53e5<\/strong> est un po\u00e8me chinois de 4 vers, chacun de 5 caract\u00e8res. C\u2019est une forme tr\u00e8s compacte mais expressive, tr\u00e8s populaire dans la po\u00e9sie classique (surtout \u00e0 l\u2019\u00e9poque des Tang, 1408 ans se sont \u00e9coul\u00e9s depuis le d\u00e9but de la dynastie Tang jusqu\u2019en 2026. ).<\/p>\n\n\n\n<h3 class=\"wp-block-heading\">Structure<\/h3>\n\n\n\n<ol class=\"wp-block-list\">\n<li><strong>Nombre de vers :<\/strong> 4 vers (quatrain).<\/li>\n\n\n\n<li><strong>Nombre de caract\u00e8res par vers :<\/strong> 5 caract\u00e8res.<\/li>\n\n\n\n<li><strong>Rimes :<\/strong>\n<ul class=\"wp-block-list\">\n<li>Les vers 2 et 4 doivent rimer (dans la po\u00e9sie classique, la rime se concentre surtout sur la derni\u00e8re syllabe).<\/li>\n\n\n\n<li>Parfois, le vers 1 peut rimer avec les autres, mais ce n\u2019est pas obligatoire.<\/li>\n<\/ul>\n<\/li>\n\n\n\n<li><strong>Tons (\u5e73\u4ec4 <\/strong>\u2013 p\u00edngz\u00e8<strong>) :<\/strong>\n<ul class=\"wp-block-list\">\n<li>La po\u00e9sie chinoise classique suit des r\u00e8gles de tonalit\u00e9 : alternance des tons plats (\u5e73) et des tons obliques (\u4ec4).<\/li>\n\n\n\n<li>Exemple de sch\u00e9ma classique pour <strong>\u4e94\u8a00\u7d55\u53e5 : <code>\u5e73\u5e73\u4ec4\u4ec4\u5e73<\/code> <code>\u4ec4\u4ec4\u5e73\u5e73\u4ec4<\/code> <code>\u5e73\u5e73\u4ec4\u4ec4\u5e73<\/code> <code>\u4ec4\u4ec4\u5e73\u5e73\u4ec4<\/code><\/strong><\/li>\n\n\n\n<li>Sch\u00e9ma des tons du <strong>\u4e94\u8a00\u7d55\u53e5 <\/strong>(Chinois traditionnel) :<\/li>\n\n\n\n<li><strong>\u5e73\u5e73\u4ec4\u4ec4\u5e73<\/strong><br>\u6f22\u5b57 : \u5e73\u5e73\u4ec4\u4ec4\u5e73<br>Fran\u00e7ais : Plat \u2013 Plat \u2013 Oblique \u2013 Oblique \u2013 Plat<\/li>\n\n\n\n<li><strong>\u4ec4\u4ec4\u5e73\u5e73\u4ec4<\/strong><br>\u6f22\u5b57 : <strong>\u4ec4\u4ec4\u5e73\u5e73\u4ec4<\/strong><br>Fran\u00e7ais : Oblique \u2013 Oblique \u2013 Plat \u2013 Plat \u2013 Oblique<\/li>\n\n\n\n<li><strong>\u5e73\u5e73\u4ec4\u4ec4\u5e73<\/strong><br>\u6f22\u5b57 : <strong>\u5e73\u5e73\u4ec4\u4ec4\u5e73<\/strong><br>Fran\u00e7ais : Plat \u2013 Plat \u2013 Oblique \u2013 Oblique \u2013 Plat<\/li>\n\n\n\n<li><strong>\u4ec4\u4ec4\u5e73\u5e73\u4ec4<\/strong><br>\u6f22\u5b57 : <strong>\u4ec4\u4ec4\u5e73\u5e73\u4ec4<\/strong><br>Fran\u00e7ais : Oblique \u2013 Oblique \u2013 Plat \u2013 Plat \u2013 Oblique<\/li>\n\n\n\n<li>Cela donne un rythme m\u00e9lodieux et harmonieux lorsqu\u2019on lit le po\u00e8me \u00e0 voix haute.<\/li>\n<\/ul>\n<\/li>\n<\/ol>\n\n\n\n<h3 class=\"wp-block-heading\">Contenu et style<\/h3>\n\n\n\n<ul class=\"wp-block-list\">\n<li>Chaque vers est tr\u00e8s condens\u00e9, donc chaque mot doit \u00eatre choisi avec soin.<\/li>\n\n\n\n<li>Les th\u00e8mes : nature, saisons, paysages, \u00e9motions, philosophie, \u00e9v\u00e9nements historiques.<\/li>\n\n\n\n<li>La premi\u00e8re ligne pose souvent le cadre ou la sc\u00e8ne.<\/li>\n\n\n\n<li class=\"has-black-color has-text-color has-link-color wp-elements-9c54de02aa0f3bd306098ac9c09490f2\">La deuxi\u00e8me ligne d\u00e9veloppe l\u2019id\u00e9e ou d\u00e9crit une action.<\/li>\n\n\n\n<li>La troisi\u00e8me ligne introduit une tournure ou un contraste.<\/li>\n\n\n\n<li>La quatri\u00e8me ligne conclut souvent par une impression finale ou un sentiment.<\/li>\n<\/ul>\n\n\n\n<h3 class=\"wp-block-heading has-black-color has-raft-bg-alt-background-color has-text-color has-background has-link-color wp-elements-4a4b3531998cebc50d0ce4a332cda9f8\" style=\"font-size:14px\"><br><br><\/h3>\n\n\n\n<p><\/p>\n<\/div>\n\n\n\n<p><\/p>\n\n\n\n<p><\/p>\n\n\n\n<div class=\"wp-block-group has-black-color has-text-color has-background has-link-color wp-elements-5edda5a3317b0c673af639704fc39b30 is-layout-constrained wp-block-group-is-layout-constrained\" style=\"background-color:#ffffff9e\">\n<h2 class=\"wp-block-heading\"><strong><mark style=\"background-color:#070707d6;color:#ffffff\" class=\"has-inline-color\">\u807d\u7b8f\u8b58\u4e2d\u83ef<\/mark><\/strong><br><em><mark style=\"background-color:rgba(0, 0, 0, 0);color:#000000a1\" class=\"has-inline-color\">T\u012bng zh\u0113ng sh\u00ed Zh\u014dnghu\u00e1<\/mark><\/em><br><mark style=\"background-color:rgba(0, 0, 0, 0);color:#000000\" class=\"has-inline-color\">\u00c9couter le son du guzheng et conna\u00eetre la Chine<\/mark><\/h2>\n\n\n\n<h2 class=\"wp-block-heading has-white-color has-text-color has-link-color wp-elements-3b2b1e5a207cd0f39b8bcecae098703a\"><strong><mark style=\"background-color:#070707d6;color:#ffffff\" class=\"has-inline-color\">\u5b78\u5b57\u89e3\u56e0\u679c<\/mark><\/strong><br><em><mark style=\"background-color:rgba(0, 0, 0, 0);color:#000000a1\" class=\"has-inline-color\">Xu\u00e9 z\u00ec ji\u011b y\u012bn gu\u01d2<\/mark><\/em><br><mark style=\"background-color:rgba(0, 0, 0, 0);color:#000000\" class=\"has-inline-color\">Apprendre les caract\u00e8res et comprendre les causes et les effets<\/mark><\/h2>\n\n\n\n<h2 class=\"wp-block-heading\"><strong><mark style=\"background-color:#000000;color:#ffffff\" class=\"has-inline-color\">\u6587\u5fc3\u660e\u7de3\u7531<\/mark><\/strong><br><em><mark style=\"background-color:rgba(0, 0, 0, 0);color:#000000a1\" class=\"has-inline-color\">W\u00e9n x\u012bn m\u00edng yu\u00e1n y\u00f3u<\/mark><\/em><br><mark style=\"background-color:rgba(0, 0, 0, 0);color:#000000\" class=\"has-inline-color\">L\u2019esprit litt\u00e9raire \u00e9claire les liens et les raisons<\/mark><\/h2>\n\n\n\n<h2 class=\"wp-block-heading has-black-color has-text-color has-link-color wp-elements-dec5f6fa886ffc2fc10875a987fe47cc\"><strong><mark style=\"background-color:#000000;color:#ffffff\" class=\"has-inline-color\">\u64c1\u66f8\u8b80\u6625\u79cb<\/mark><\/strong><br><mark style=\"background-color:rgba(0, 0, 0, 0);color:#000000a1\" class=\"has-inline-color\"><em>Y\u01d2ng sh\u016b d\u00fa ch\u016bn qi\u016b<\/em><\/mark><br>Tenant les livres, je parcours l\u2019Histoire et les Classiques<\/h2>\n<\/div>\n\n\n\n<p><\/p>\n\n\n\n<h3 class=\"wp-block-heading\">Tableau explicatif de la po\u00e9sie&nbsp;:<\/h3>\n\n\n\n<figure class=\"wp-block-table\"><table class=\"has-black-color has-text-color has-background has-link-color has-fixed-layout\" style=\"background-color:#ffffff9e\"><thead><tr><th>Vers<\/th><th>\u00c9l\u00e9ment<\/th><th>Zhuyin<\/th><th>Pinyin<\/th><th>Fran\u00e7ais<\/th><\/tr><\/thead><tbody><tr><td>\u807d\u7b8f\u8b58\u4e2d\u83ef<\/td><td>\u807d<\/td><td>\u310a\u3127\u3125<\/td><td>t\u012bng<\/td><td>\u00e9couter<\/td><\/tr><tr><td><\/td><td>\u7b8f<\/td><td>\u3113\u3125<\/td><td>zh\u0113ng<\/td><td>cithare chinoise (guzheng)<\/td><\/tr><tr><td><\/td><td>\u8b58<\/td><td>\u3115\u02ca<\/td><td>sh\u00ed<\/td><td>comprendre, reconna\u00eetre<\/td><\/tr><tr><td><\/td><td>\u4e2d<\/td><td>\u3113\u3128\u3125<\/td><td>zh\u014dng<\/td><td>centre ; Chine<\/td><\/tr><tr><td><\/td><td>\u83ef<\/td><td>\u310f\u3128\u311a\u02ca<\/td><td>hu\u00e1<\/td><td>splendeur, culture<\/td><\/tr><tr><td><\/td><td>\u4e2d\u83ef<\/td><td>\u3113\u3128\u3125 \u310f\u3128\u311a\u02ca<\/td><td>zh\u014dng hu\u00e1<\/td><td>civilisation chinoise, h\u00e9ritage culturel chinois<\/td><\/tr><tr><td>\u5b78\u5b57\u89e3\u56e0\u679c<\/td><td>\u5b78<\/td><td>\u3112\u3129\u311d\u02ca<\/td><td>xu\u00e9<\/td><td>apprendre, \u00e9tudier<\/td><\/tr><tr><td><\/td><td>\u5b57<\/td><td>\u3117\u02cb<\/td><td>z\u00ec<\/td><td>caract\u00e8re \u00e9crit<\/td><\/tr><tr><td><\/td><td>\u89e3<\/td><td>\u3110\u3127\u311d\u02c7<\/td><td>ji\u011b<\/td><td>comprendre, analyser<\/td><\/tr><tr><td><\/td><td>\u56e0<\/td><td>\u3127\u3123<\/td><td>y\u012bn<\/td><td>cause<\/td><\/tr><tr><td><\/td><td>\u679c<\/td><td>\u310d\u3128\u311b\u02c7<\/td><td>gu\u01d2<\/td><td>effet, cons\u00e9quence<\/td><\/tr><tr><td>\u6587\u5fc3\u660e\u7de3\u7531<\/td><td>\u6587<\/td><td>\u3128\u3123\u02ca<\/td><td>w\u00e9n<\/td><td>\u00e9criture, culture<\/td><\/tr><tr><td><\/td><td>\u5fc3<\/td><td>\u3112\u3127\u3123<\/td><td>x\u012bn<\/td><td>c\u0153ur, esprit<\/td><\/tr><tr><td><\/td><td>\u660e<\/td><td>\u3107\u3127\u3125\u02ca<\/td><td>m\u00edng<\/td><td>\u00e9clairer, comprendre clairement<\/td><\/tr><tr><td><\/td><td>\u7de3<\/td><td>\u3129\u3122\u02ca<\/td><td>yu\u00e1n<\/td><td>lien, cause<\/td><\/tr><tr><td><\/td><td>\u7531<\/td><td>\u3127\u3121\u02ca<\/td><td>y\u00f3u<\/td><td>raison, origine<\/td><\/tr><tr><td>\u64c1\u66f8\u8b80\u6625\u79cb<\/td><td>\u64c1<\/td><td>\u3129\u3125\u02c7<\/td><td>y\u01d2ng<\/td><td>tenir, embrasser, poss\u00e9der<\/td><\/tr><tr><td><\/td><td>\u66f8<\/td><td>\u3115\u3128<\/td><td>sh\u016b<\/td><td>livre(s), \u00e9crits<\/td><\/tr><tr><td><\/td><td>\u8b80<\/td><td>\u3109\u3128\u02ca<\/td><td>d\u00fa<\/td><td>lire, \u00e9tudier<\/td><\/tr><tr><td><\/td><td>\u6625<\/td><td>\u3114\u3128\u3123<\/td><td>ch\u016bn<\/td><td>printemps<\/td><\/tr><tr><td><\/td><td>\u79cb<\/td><td>\u3111\u3127\u3121<\/td><td>qi\u016b<\/td><td>automne<\/td><\/tr><tr><td><\/td><td>\u6625\u79cb<\/td><td>\u3114\u3128\u3123 \u3111\u3127\u3121<\/td><td>ch\u016bn qi\u016b<\/td><td>Les Annales des Printemps et Automnes ; par extension : l\u2019Histoire, les Classiques<\/td><\/tr><\/tbody><\/table><\/figure>\n\n\n\n<div class=\"wp-block-group is-layout-constrained wp-block-group-is-layout-constrained\"><\/div>\n\n\n\n<p><\/p>\n\n\n\n<p class=\"has-black-color has-text-color has-link-color wp-elements-9ac00cf961d1ea846fe5a532228b76c6\"><\/p>\n","protected":false},"excerpt":{"rendered":"<p>\u4e94\u8a00\u7d55\u53e5 (w\u01d4 y\u00e1n ju\u00e9 j\u00f9) D\u00e9finition \u4e94\u8a00\u7d55\u53e5 (w\u01d4 y\u00e1n ju\u00e9 j\u00f9) signifie litt\u00e9ralement : Donc, un \u4e94\u8a00\u7d55\u53e5 est un po\u00e8me chinois de 4 vers, chacun de 5 caract\u00e8res. C\u2019est une forme tr\u00e8s compacte mais expressive, tr\u00e8s populaire dans la po\u00e9sie classique (surtout \u00e0 l\u2019\u00e9poque des Tang, 1408 ans se sont \u00e9coul\u00e9s depuis le d\u00e9but de [&hellip;]<\/p>\n","protected":false},"author":1,"featured_media":0,"parent":0,"menu_order":0,"comment_status":"closed","ping_status":"closed","template":"","meta":{"_seopress_robots_primary_cat":"","_seopress_titles_title":"","_seopress_titles_desc":"","_seopress_robots_index":"","footnotes":""},"class_list":["post-1478","page","type-page","status-publish","hentry"],"_links":{"self":[{"href":"https:\/\/taivoan.fr\/index.php\/wp-json\/wp\/v2\/pages\/1478","targetHints":{"allow":["GET"]}}],"collection":[{"href":"https:\/\/taivoan.fr\/index.php\/wp-json\/wp\/v2\/pages"}],"about":[{"href":"https:\/\/taivoan.fr\/index.php\/wp-json\/wp\/v2\/types\/page"}],"author":[{"embeddable":true,"href":"https:\/\/taivoan.fr\/index.php\/wp-json\/wp\/v2\/users\/1"}],"replies":[{"embeddable":true,"href":"https:\/\/taivoan.fr\/index.php\/wp-json\/wp\/v2\/comments?post=1478"}],"version-history":[{"count":13,"href":"https:\/\/taivoan.fr\/index.php\/wp-json\/wp\/v2\/pages\/1478\/revisions"}],"predecessor-version":[{"id":1554,"href":"https:\/\/taivoan.fr\/index.php\/wp-json\/wp\/v2\/pages\/1478\/revisions\/1554"}],"wp:attachment":[{"href":"https:\/\/taivoan.fr\/index.php\/wp-json\/wp\/v2\/media?parent=1478"}],"curies":[{"name":"wp","href":"https:\/\/api.w.org\/{rel}","templated":true}]}}