{"id":145,"date":"2025-07-21T19:03:18","date_gmt":"2025-07-21T19:03:18","guid":{"rendered":"http:\/\/taivoan.fr\/?page_id=145"},"modified":"2025-07-30T19:31:41","modified_gmt":"2025-07-30T19:31:41","slug":"histoire","status":"publish","type":"page","link":"https:\/\/taivoan.fr\/index.php\/histoire\/","title":{"rendered":"Histoire \u6211\u5011\u7684\u6545\u4e8b"},"content":{"rendered":"\n<p class=\"has-text-align-left\"><\/p>\n\n\n\n<div class=\"wp-block-columns is-layout-flex wp-container-core-columns-is-layout-28f84493 wp-block-columns-is-layout-flex\">\n<div class=\"wp-block-column is-layout-flow wp-block-column-is-layout-flow\" style=\"flex-basis:100%\">\n<div class=\"wp-block-columns is-layout-flex wp-container-core-columns-is-layout-28f84493 wp-block-columns-is-layout-flex\">\n<div class=\"wp-block-column is-layout-flow wp-block-column-is-layout-flow\" style=\"flex-basis:100%\">\n<div class=\"wp-block-columns is-layout-flex wp-container-core-columns-is-layout-28f84493 wp-block-columns-is-layout-flex\">\n<div class=\"wp-block-column is-layout-flow wp-block-column-is-layout-flow\" style=\"flex-basis:100%\">\n<div class=\"wp-block-columns is-layout-flex wp-container-core-columns-is-layout-28f84493 wp-block-columns-is-layout-flex\">\n<div class=\"wp-block-column is-layout-flow wp-block-column-is-layout-flow\" style=\"flex-basis:100%\">\n<div class=\"wp-block-columns is-layout-flex wp-container-core-columns-is-layout-28f84493 wp-block-columns-is-layout-flex\">\n<div class=\"wp-block-column is-layout-flow wp-block-column-is-layout-flow\" style=\"flex-basis:100%\">\n<div class=\"wp-block-columns is-layout-flex wp-container-core-columns-is-layout-28f84493 wp-block-columns-is-layout-flex\">\n<div class=\"wp-block-column is-layout-flow wp-block-column-is-layout-flow\" style=\"flex-basis:50%\">\n<h5 class=\"wp-block-heading has-text-color has-background has-link-color wp-elements-85fe6fa89f0ae0c6224c94c04f09f2d3\" style=\"color:#ffffff78;background-color:#1c191961;font-size:18px\">Le mot Taivoan signifie \u00e0 l\u2019origine un carrefour entre la mer et la montagne, un lieu de passage et de rencontre.<br>Ce nom, issu de la langue des peuples aborig\u00e8nes de Ta\u00efwan, refl\u00e8te une identit\u00e9 ouverte au dialogue et aux \u00e9changes.<br>En choisissant Taivoan comme nom d\u2019association, nous souhaitons honorer cette signification profonde.<br>Taivoan devient ainsi un symbole de rencontre entre les cultures, d\u2019hier \u00e0 aujourd\u2019hui.<br>\u00c0 travers cette d\u00e9marche, nous vous proposons de cr\u00e9er des ponts entre la culture ta\u00efwanaise et la culture fran\u00e7aise.<br>Notre association est un espace d\u2019\u00e9change, de partage et de d\u00e9couverte mutuelle.<br>Nous organisons des ateliers, rencontres, et \u00e9v\u00e9nements pour faire vivre cette diversit\u00e9.<br>C\u2019est une invitation \u00e0 apprendre les uns des autres, dans un esprit de respect et de curiosit\u00e9.<br>Chaque activit\u00e9 est une occasion de tisser des liens humains et culturels durables.<br>Bienvenue \u00e0 Taivoan, un carrefour vivant o\u00f9 les cultures se rencontrent et se r\u00e9inventent ensemble!<\/h5>\n\n\n\n<p><br><\/p>\n<\/div>\n\n\n\n<div class=\"wp-block-column is-layout-flow wp-block-column-is-layout-flow\" style=\"flex-basis:50%\">\n<div class=\"wp-block-columns is-layout-flex wp-container-core-columns-is-layout-28f84493 wp-block-columns-is-layout-flex\">\n<div class=\"wp-block-column is-layout-flow wp-block-column-is-layout-flow\">\n<h5 class=\"wp-block-heading has-text-color has-background has-link-color wp-elements-af619d0465bdfb9d7176e0b43424fa5f\" style=\"color:#1c1919a8;background-color:#ffffff47;font-size:18px\">Taivoan \u9019\u500b\u8a5e\u539f\u610f\u662f\u6d77\u6d0b\u8207\u5c71\u8108\u4e4b\u9593\u7684\u4ea4\u6703\u8655\uff0c\u662f\u4e00\u500b\u901a\u884c\u8207\u76f8\u9047\u7684\u5730\u65b9\u3002<br>\u9019\u500b\u540d\u5b57\u6e90\u81ea\u53f0\u7063\u539f\u4f4f\u6c11\u65cf\u7684\u8a9e\u8a00\uff0c\u5c55\u73fe\u51fa\u4e00\u7a2e\u958b\u653e\u65bc\u5c0d\u8a71\u8207\u4ea4\u6d41\u7684\u8eab\u4efd\u8a8d\u540c\u3002<br>\u6211\u5011\u9078\u64c7\u300cTaivoan\u300d\u4f5c\u70ba\u5354\u6703\u7684\u540d\u7a31\uff0c\u662f\u70ba\u4e86\u5411\u9019\u4efd\u6df1\u523b\u7684\u610f\u6db5\u81f4\u656c\u3002<br>Taivoan \u56e0\u6b64\u6210\u70ba\u6587\u5316\u4e4b\u9593\u76f8\u9047\u7684\u8c61\u5fb5\uff0c\u5f9e\u904e\u53bb\u5ef6\u7e8c\u5230\u73fe\u5728\u3002<br>\u900f\u904e\u9019\u500b\u7406\u5ff5\uff0c\u6211\u5011\u5e0c\u671b\u642d\u8d77\u53f0\u7063\u6587\u5316\u8207\u6cd5\u570b\u6587\u5316\u4e4b\u9593\u7684\u6a4b\u6a11\u3002<br>\u672c\u5354\u6703\u662f\u4e00\u500b\u4ea4\u6d41\u3001\u5206\u4eab\u8207\u5f7c\u6b64\u63a2\u7d22\u7684\u7a7a\u9593\u3002<br>\u6211\u5011\u8209\u8fa6\u5404\u5f0f\u5de5\u4f5c\u574a\u3001\u4ea4\u6d41\u6703\u8207\u6d3b\u52d5\uff0c\u8b93\u591a\u5143\u6587\u5316\u5f97\u4ee5\u5ef6\u7e8c\u8207\u767c\u5c55\u3002<br>\u9019\u662f\u4e00\u500b\u5f7c\u6b64\u5b78\u7fd2\u7684\u9080\u8acb\uff0c\u79c9\u6301\u5c0a\u91cd\u8207\u597d\u5947\u7684\u7cbe\u795e\u3002<br>\u6bcf\u4e00\u6b21\u7684\u6d3b\u52d5\uff0c\u90fd\u662f\u7de8\u7e54\u4eba\u969b\u8207\u6587\u5316\u9023\u7d50\u7684\u6a5f\u6703\u3002<br>\u6b61\u8fce\u4f86\u5230 Taivoan \u2014\u2014 \u4e00\u500b\u6587\u5316\u76f8\u9047\u3001\u5171\u540c\u5275\u65b0\u7684\u6d3b\u529b\u4ea4\u6703\u9ede\uff01<\/h5>\n<\/div>\n<\/div>\n<\/div>\n<\/div>\n<\/div>\n<\/div>\n<\/div>\n<\/div>\n\n\n\n<div class=\"wp-block-columns is-layout-flex wp-container-core-columns-is-layout-28f84493 wp-block-columns-is-layout-flex\">\n<div class=\"wp-block-column is-layout-flow wp-block-column-is-layout-flow\"><\/div>\n\n\n\n<div class=\"wp-block-column is-layout-flow wp-block-column-is-layout-flow\"><\/div>\n<\/div>\n\n\n\n<div class=\"wp-block-columns is-layout-flex wp-container-core-columns-is-layout-28f84493 wp-block-columns-is-layout-flex\">\n<div class=\"wp-block-column is-layout-flow wp-block-column-is-layout-flow\"><\/div>\n\n\n\n<div class=\"wp-block-column is-layout-flow wp-block-column-is-layout-flow\"><\/div>\n<\/div>\n\n\n\n<div class=\"wp-block-columns is-layout-flex wp-container-core-columns-is-layout-28f84493 wp-block-columns-is-layout-flex\">\n<div class=\"wp-block-column is-layout-flow wp-block-column-is-layout-flow\"><\/div>\n\n\n\n<div class=\"wp-block-column is-layout-flow wp-block-column-is-layout-flow\"><\/div>\n<\/div>\n<\/div>\n<\/div>\n<\/div>\n<\/div>\n<\/div>\n<\/div>\n\n\n\n<div class=\"wp-block-columns is-layout-flex wp-container-core-columns-is-layout-28f84493 wp-block-columns-is-layout-flex\">\n<div class=\"wp-block-column is-layout-flow wp-block-column-is-layout-flow\"><\/div>\n\n\n\n<div class=\"wp-block-column is-layout-flow wp-block-column-is-layout-flow\">\n<div class=\"wp-block-columns is-layout-flex wp-container-core-columns-is-layout-28f84493 wp-block-columns-is-layout-flex\">\n<div class=\"wp-block-column is-layout-flow wp-block-column-is-layout-flow\"><\/div>\n\n\n\n<div class=\"wp-block-column is-layout-flow wp-block-column-is-layout-flow\"><\/div>\n<\/div>\n<\/div>\n<\/div>\n","protected":false},"excerpt":{"rendered":"<p>Le mot Taivoan signifie \u00e0 l\u2019origine un carrefour entre la mer et la montagne, un lieu de passage et de rencontre.Ce nom, issu de la langue des peuples aborig\u00e8nes de Ta\u00efwan, refl\u00e8te une identit\u00e9 ouverte au dialogue et aux \u00e9changes.En choisissant Taivoan comme nom d\u2019association, nous souhaitons honorer cette signification profonde.Taivoan devient ainsi un symbole [&hellip;]<\/p>\n","protected":false},"author":1,"featured_media":0,"parent":0,"menu_order":0,"comment_status":"closed","ping_status":"closed","template":"","meta":{"_seopress_robots_primary_cat":"","_seopress_titles_title":"","_seopress_titles_desc":"","_seopress_robots_index":"","footnotes":""},"class_list":["post-145","page","type-page","status-publish","hentry"],"_links":{"self":[{"href":"https:\/\/taivoan.fr\/index.php\/wp-json\/wp\/v2\/pages\/145","targetHints":{"allow":["GET"]}}],"collection":[{"href":"https:\/\/taivoan.fr\/index.php\/wp-json\/wp\/v2\/pages"}],"about":[{"href":"https:\/\/taivoan.fr\/index.php\/wp-json\/wp\/v2\/types\/page"}],"author":[{"embeddable":true,"href":"https:\/\/taivoan.fr\/index.php\/wp-json\/wp\/v2\/users\/1"}],"replies":[{"embeddable":true,"href":"https:\/\/taivoan.fr\/index.php\/wp-json\/wp\/v2\/comments?post=145"}],"version-history":[{"count":21,"href":"https:\/\/taivoan.fr\/index.php\/wp-json\/wp\/v2\/pages\/145\/revisions"}],"predecessor-version":[{"id":968,"href":"https:\/\/taivoan.fr\/index.php\/wp-json\/wp\/v2\/pages\/145\/revisions\/968"}],"wp:attachment":[{"href":"https:\/\/taivoan.fr\/index.php\/wp-json\/wp\/v2\/media?parent=145"}],"curies":[{"name":"wp","href":"https:\/\/api.w.org\/{rel}","templated":true}]}}