{"id":1440,"date":"2025-10-06T12:24:26","date_gmt":"2025-10-06T12:24:26","guid":{"rendered":"https:\/\/taivoan.fr\/?page_id=1440"},"modified":"2026-01-07T19:15:47","modified_gmt":"2026-01-07T19:15:47","slug":"mah-jong","status":"publish","type":"page","link":"https:\/\/taivoan.fr\/index.php\/mah-jong\/","title":{"rendered":"Mah-jong"},"content":{"rendered":"\n<h2 class=\"wp-block-heading has-text-align-center has-black-color has-text-color has-background has-link-color wp-elements-4bf2a1a437e01b86ed6390f04acb2da4\" style=\"background-color:#ffffff5c;font-size:36px\">Mah-jong <mark style=\"background-color:rgba(0, 0, 0, 0);color:#ffffff\" class=\"has-inline-color\">\u9ebb\u5c07<\/mark><\/h2>\n\n\n\n<h2 class=\"wp-block-heading\">Th\u00e9\u00e2tre du Centaure<\/h2>\n\n\n\n<figure class=\"wp-block-gallery has-nested-images columns-default is-cropped wp-block-gallery-1 is-layout-flex wp-block-gallery-is-layout-flex\">\n<figure class=\"wp-block-image size-large\"><img alt=\"\" loading=\"lazy\" decoding=\"async\" width=\"1024\" height=\"704\" data-id=\"1441\" src=\"https:\/\/taivoan.fr\/wp-content\/uploads\/2025\/10\/Mahjon-fete-miel-2-1024x704.jpg\" alt=\"\" class=\"wp-image-1441\" srcset=\"https:\/\/taivoan.fr\/wp-content\/uploads\/2025\/10\/Mahjon-fete-miel-2-1024x704.jpg 1024w, https:\/\/taivoan.fr\/wp-content\/uploads\/2025\/10\/Mahjon-fete-miel-2-300x206.jpg 300w, https:\/\/taivoan.fr\/wp-content\/uploads\/2025\/10\/Mahjon-fete-miel-2-768x528.jpg 768w, https:\/\/taivoan.fr\/wp-content\/uploads\/2025\/10\/Mahjon-fete-miel-2.jpg 1200w\" sizes=\"auto, (max-width: 1024px) 100vw, 1024px\" \/><\/figure>\n<\/figure>\n\n\n\n<figure class=\"wp-block-gallery has-nested-images columns-default is-cropped wp-block-gallery-2 is-layout-flex wp-block-gallery-is-layout-flex\">\n<figure class=\"wp-block-image size-large\"><img alt=\"\" loading=\"lazy\" decoding=\"async\" width=\"768\" height=\"1024\" data-id=\"1442\" src=\"https:\/\/taivoan.fr\/wp-content\/uploads\/2025\/10\/mahjon-fete-miel1-768x1024.jpg\" alt=\"\" class=\"wp-image-1442\" srcset=\"https:\/\/taivoan.fr\/wp-content\/uploads\/2025\/10\/mahjon-fete-miel1-768x1024.jpg 768w, https:\/\/taivoan.fr\/wp-content\/uploads\/2025\/10\/mahjon-fete-miel1-225x300.jpg 225w, https:\/\/taivoan.fr\/wp-content\/uploads\/2025\/10\/mahjon-fete-miel1-1152x1536.jpg 1152w, https:\/\/taivoan.fr\/wp-content\/uploads\/2025\/10\/mahjon-fete-miel1.jpg 1200w\" sizes=\"auto, (max-width: 768px) 100vw, 768px\" \/><\/figure>\n<\/figure>\n\n\n\n<figure class=\"wp-block-gallery has-nested-images columns-default is-cropped wp-block-gallery-3 is-layout-flex wp-block-gallery-is-layout-flex\">\n<figure class=\"wp-block-image size-large\"><img alt=\"\" loading=\"lazy\" decoding=\"async\" width=\"768\" height=\"1024\" data-id=\"1443\" src=\"https:\/\/taivoan.fr\/wp-content\/uploads\/2025\/10\/Mahjon-fete-miel-3-768x1024.jpg\" alt=\"\" class=\"wp-image-1443\" srcset=\"https:\/\/taivoan.fr\/wp-content\/uploads\/2025\/10\/Mahjon-fete-miel-3-768x1024.jpg 768w, https:\/\/taivoan.fr\/wp-content\/uploads\/2025\/10\/Mahjon-fete-miel-3-225x300.jpg 225w, https:\/\/taivoan.fr\/wp-content\/uploads\/2025\/10\/Mahjon-fete-miel-3-1152x1536.jpg 1152w, https:\/\/taivoan.fr\/wp-content\/uploads\/2025\/10\/Mahjon-fete-miel-3.jpg 1200w\" sizes=\"auto, (max-width: 768px) 100vw, 768px\" \/><\/figure>\n<\/figure>\n\n\n\n<figure class=\"wp-block-image size-large\"><img alt=\"\" loading=\"lazy\" decoding=\"async\" width=\"768\" height=\"1024\" src=\"https:\/\/taivoan.fr\/wp-content\/uploads\/2026\/01\/image-mahjong-centaure2-768x1024.png\" alt=\"\" class=\"wp-image-1523\" srcset=\"https:\/\/taivoan.fr\/wp-content\/uploads\/2026\/01\/image-mahjong-centaure2-768x1024.png 768w, https:\/\/taivoan.fr\/wp-content\/uploads\/2026\/01\/image-mahjong-centaure2-225x300.png 225w, https:\/\/taivoan.fr\/wp-content\/uploads\/2026\/01\/image-mahjong-centaure2-1152x1536.png 1152w, https:\/\/taivoan.fr\/wp-content\/uploads\/2026\/01\/image-mahjong-centaure2.png 1536w\" sizes=\"auto, (max-width: 768px) 100vw, 768px\" \/><\/figure>\n\n\n\n<figure class=\"wp-block-image size-large\"><img alt=\"\" loading=\"lazy\" decoding=\"async\" width=\"768\" height=\"1024\" src=\"https:\/\/taivoan.fr\/wp-content\/uploads\/2026\/01\/MAHJONG-super--768x1024.jpeg\" alt=\"\" class=\"wp-image-1525\" srcset=\"https:\/\/taivoan.fr\/wp-content\/uploads\/2026\/01\/MAHJONG-super--768x1024.jpeg 768w, https:\/\/taivoan.fr\/wp-content\/uploads\/2026\/01\/MAHJONG-super--225x300.jpeg 225w, https:\/\/taivoan.fr\/wp-content\/uploads\/2026\/01\/MAHJONG-super--1152x1536.jpeg 1152w, https:\/\/taivoan.fr\/wp-content\/uploads\/2026\/01\/MAHJONG-super-.jpeg 1200w\" sizes=\"auto, (max-width: 768px) 100vw, 768px\" \/><\/figure>\n\n\n\n<h2 class=\"wp-block-heading\"><mark style=\"background-color:rgba(0, 0, 0, 0);color:#000000\" class=\"has-inline-color\">Maison des associations Marseille<\/mark><\/h2>\n\n\n\n<figure class=\"wp-block-image size-large\"><img alt=\"\" loading=\"lazy\" decoding=\"async\" width=\"768\" height=\"1024\" src=\"https:\/\/taivoan.fr\/wp-content\/uploads\/2026\/01\/mahjong-mds-768x1024.jpeg\" alt=\"\" class=\"wp-image-1526\" srcset=\"https:\/\/taivoan.fr\/wp-content\/uploads\/2026\/01\/mahjong-mds-768x1024.jpeg 768w, https:\/\/taivoan.fr\/wp-content\/uploads\/2026\/01\/mahjong-mds-225x300.jpeg 225w, https:\/\/taivoan.fr\/wp-content\/uploads\/2026\/01\/mahjong-mds-1152x1536.jpeg 1152w, https:\/\/taivoan.fr\/wp-content\/uploads\/2026\/01\/mahjong-mds.jpeg 1536w\" sizes=\"auto, (max-width: 768px) 100vw, 768px\" \/><\/figure>\n\n\n\n<div class=\"wp-block-columns is-layout-flex wp-container-core-columns-is-layout-28f84493 wp-block-columns-is-layout-flex\">\n<div class=\"wp-block-column is-layout-flow wp-block-column-is-layout-flow\" style=\"flex-basis:100%\">\n<details class=\"wp-block-details is-layout-flow wp-block-details-is-layout-flow\"><summary><\/summary>\n<div class=\"wp-block-columns is-layout-flex wp-container-core-columns-is-layout-28f84493 wp-block-columns-is-layout-flex\">\n<div class=\"wp-block-column is-layout-flow wp-block-column-is-layout-flow\" style=\"flex-basis:100%\">\n<div class=\"wp-block-columns is-layout-flex wp-container-core-columns-is-layout-28f84493 wp-block-columns-is-layout-flex\">\n<div class=\"wp-block-column is-layout-flow wp-block-column-is-layout-flow\">\n<p><\/p>\n\n\n\n<p class=\"has-black-color has-text-color has-background has-link-color wp-elements-17e83a3c0c7ed665a42a00bc6f1544f8\" style=\"background-color:#ffffff73\">Le mah-jong ta\u00efwanais se joue \u00e0 quatre joueurs avec 144 tuiles, incluant les fleurs et les saisons.<br>Chaque joueur commence la partie avec seize tuiles.<br>Le but est de former cinq combinaisons et une paire pour compl\u00e9ter une main gagnante.<br>Les combinaisons peuvent \u00eatre des pungs (trois tuiles identiques), des chows (trois tuiles qui se suivent) ou des kongs (quatre tuiles identiques).<br>\u00c0 chaque tour, le joueur pioche une tuile et en d\u00e9fausse une.<br>Il est possible de r\u00e9clamer une tuile d\u00e9fauss\u00e9e pour compl\u00e9ter une combinaison.<br>Quand un joueur termine sa main, il annonce \u00ab Hu ! \u00bb, ce qui signifie qu\u2019il a gagn\u00e9.<br>Le syst\u00e8me de points, appel\u00e9 fan, r\u00e9compense les combinaisons rares et les mains ferm\u00e9es.<br>Le minimum pour remporter une partie est souvent de huit fan.<br>Plus la main contient de fan, plus les gains sont \u00e9lev\u00e9s, pouvant atteindre des multiplicateurs tr\u00e8s importants.<\/p>\n<\/div>\n\n\n\n<div class=\"wp-block-column is-layout-flow wp-block-column-is-layout-flow\">\n<p><\/p>\n\n\n\n<p class=\"has-white-color has-text-color has-background has-link-color wp-elements-5ea8ac3142de8faf0b8615938faf83fa\" style=\"background-color:#0000005c\">\u53f0\u7063\u9ebb\u5c07\u7531\u56db\u4f4d\u73a9\u5bb6\u53c3\u52a0\uff0c\u5171\u4f7f\u7528\u4e00\u767e\u56db\u5341\u56db\u5f35\u724c\uff0c\u5305\u62ec\u82b1\u724c\u548c\u5b63\u7bc0\u724c\u3002<br>\u6bcf\u4f4d\u73a9\u5bb6\u8d77\u59cb\u6642\u64c1\u6709\u5341\u516d\u5f35\u724c\u3002<br>\u904a\u6232\u7684\u76ee\u6a19\u662f\u7d44\u6210\u4e94\u7d44\u724c\u578b\u548c\u4e00\u5c0d\u5c07\u724c\uff0c\u6e4a\u6210\u5b8c\u6574\u7684\u80e1\u724c\u3002<br>\u724c\u578b\u53ef\u4ee5\u662f\u300c\u523b\u5b50\u300d\uff08\u4e09\u5f35\u76f8\u540c\u7684\u724c\uff09\u3001\u300c\u9806\u5b50\u300d\uff08\u540c\u82b1\u8272\u9023\u7e8c\u4e09\u5f35\uff09\u6216\u300c\u69d3\u300d\uff08\u56db\u5f35\u76f8\u540c\u7684\u724c\uff09\u3002<br>\u6bcf\u56de\u5408\u73a9\u5bb6\u9700\u6478\u4e00\u5f35\u724c\uff0c\u7136\u5f8c\u6253\u51fa\u4e00\u5f35\u3002<br>\u73a9\u5bb6\u53ef\u4ee5\u5403\u3001\u78b0\u6216\u69d3\u5225\u4eba\u6253\u51fa\u7684\u724c\u4ee5\u5b8c\u6210\u7d44\u5408\u3002<br>\u7576\u73a9\u5bb6\u5b8c\u6210\u624b\u724c\u6642\uff0c\u558a\u51fa\u300c\u80e1\uff01\u300d\u5373\u8868\u793a\u52dd\u5229\u3002<br>\u8a08\u5206\u65b9\u5f0f\u4ee5\u300c\u756a\u300d\u70ba\u55ae\u4f4d\uff0c\u6839\u64da\u4e0d\u540c\u7684\u724c\u578b\u548c\u689d\u4ef6\u8a08\u7b97\u3002<br>\u901a\u5e38\u80e1\u724c\u7684\u6700\u4f4e\u9580\u6abb\u662f\u516b\u756a\u3002<br>\u756a\u6578\u8d8a\u9ad8\uff0c\u7372\u5f97\u7684\u5206\u6578\u8207\u734e\u52f5\u4e5f\u8d8a\u591a\uff0c\u6700\u9ad8\u53ef\u9054\u516d\u5341\u56db\u500d\u3002<\/p>\n<\/div>\n<\/div>\n<\/div>\n<\/div>\n<\/details>\n<\/div>\n<\/div>\n\n\n\n<div class=\"wp-block-columns is-layout-flex wp-container-core-columns-is-layout-28f84493 wp-block-columns-is-layout-flex\">\n<div class=\"wp-block-column is-layout-flow wp-block-column-is-layout-flow\">\n<p class=\"has-black-color has-text-color has-background has-link-color wp-elements-63cb19cebdc80babb6e4f0cd78f0c80a\" style=\"background-color:#ffffff5c\">Le mah-jong ta\u00efwanais se joue \u00e0 quatre joueurs avec 144 tuiles, incluant les fleurs et les saisons.<br>Chaque joueur commence la partie avec seize tuiles.<br>Le but est de former cinq combinaisons et une paire pour compl\u00e9ter une main gagnante.<br>Les combinaisons peuvent \u00eatre des pungs (trois tuiles identiques), des chows (trois tuiles qui se suivent) ou des kongs (quatre tuiles identiques).<br>\u00c0 chaque tour, le joueur pioche une tuile et en d\u00e9fausse une.<br>Il est possible de r\u00e9clamer une tuile d\u00e9fauss\u00e9e pour compl\u00e9ter une combinaison.<br>Quand un joueur termine sa main, il annonce \u00ab Hu ! \u00bb, ce qui signifie qu\u2019il a gagn\u00e9.<br>Le syst\u00e8me de points, appel\u00e9 fan, r\u00e9compense les combinaisons rares et les mains ferm\u00e9es.<br>Le minimum pour remporter une partie est souvent de huit fan.<br>Plus la main contient de fan, plus les gains sont \u00e9lev\u00e9s, pouvant atteindre des multiplicateurs tr\u00e8s importants.<\/p>\n<\/div>\n\n\n\n<div class=\"wp-block-column is-layout-flow wp-block-column-is-layout-flow\">\n<p class=\"has-white-color has-text-color has-background has-link-color wp-elements-ef0434b8a09f02aac7e215c8ae6ac178\" style=\"background-color:#0000004d\">\u53f0\u7063\u9ebb\u5c07\u7531\u56db\u4f4d\u73a9\u5bb6\u53c3\u52a0\uff0c\u5171\u4f7f\u7528\u4e00\u767e\u56db\u5341\u56db\u5f35\u724c\uff0c\u5305\u62ec\u82b1\u724c\u548c\u5b63\u7bc0\u724c\u3002<br>\u6bcf\u4f4d\u73a9\u5bb6\u8d77\u59cb\u6642\u64c1\u6709\u5341\u516d\u5f35\u724c\u3002<br>\u904a\u6232\u7684\u76ee\u6a19\u662f\u7d44\u6210\u4e94\u7d44\u724c\u578b\u548c\u4e00\u5c0d\u5c07\u724c\uff0c\u6e4a\u6210\u5b8c\u6574\u7684\u80e1\u724c\u3002<br>\u724c\u578b\u53ef\u4ee5\u662f\u300c\u523b\u5b50\u300d\uff08\u4e09\u5f35\u76f8\u540c\u7684\u724c\uff09\u3001\u300c\u9806\u5b50\u300d\uff08\u540c\u82b1\u8272\u9023\u7e8c\u4e09\u5f35\uff09\u6216\u300c\u69d3\u300d\uff08\u56db\u5f35\u76f8\u540c\u7684\u724c\uff09\u3002<br>\u6bcf\u56de\u5408\u73a9\u5bb6\u9700\u6478\u4e00\u5f35\u724c\uff0c\u7136\u5f8c\u6253\u51fa\u4e00\u5f35\u3002<br>\u73a9\u5bb6\u53ef\u4ee5\u5403\u3001\u78b0\u6216\u69d3\u5225\u4eba\u6253\u51fa\u7684\u724c\u4ee5\u5b8c\u6210\u7d44\u5408\u3002<br>\u7576\u73a9\u5bb6\u5b8c\u6210\u624b\u724c\u6642\uff0c\u558a\u51fa\u300c\u80e1\uff01\u300d\u5373\u8868\u793a\u52dd\u5229\u3002<br>\u8a08\u5206\u65b9\u5f0f\u4ee5\u300c\u756a\u300d\u70ba\u55ae\u4f4d\uff0c\u6839\u64da\u4e0d\u540c\u7684\u724c\u578b\u548c\u689d\u4ef6\u8a08\u7b97\u3002<br>\u901a\u5e38\u80e1\u724c\u7684\u6700\u4f4e\u9580\u6abb\u662f\u516b\u756a\u3002<br>\u756a\u6578\u8d8a\u9ad8\uff0c\u7372\u5f97\u7684\u5206\u6578\u8207\u734e\u52f5\u4e5f\u8d8a\u591a\uff0c\u6700\u9ad8\u53ef\u9054\u516d\u5341\u56db\u500d\u3002<\/p>\n<\/div>\n<\/div>\n\n\n\n<p><\/p>\n","protected":false},"excerpt":{"rendered":"<p>Mah-jong \u9ebb\u5c07 Th\u00e9\u00e2tre du Centaure Maison des associations Marseille Le mah-jong ta\u00efwanais se joue \u00e0 quatre joueurs avec 144 tuiles, incluant les fleurs et les saisons.Chaque joueur commence la partie avec seize tuiles.Le but est de former cinq combinaisons et une paire pour compl\u00e9ter une main gagnante.Les combinaisons peuvent \u00eatre des pungs (trois tuiles identiques), [&hellip;]<\/p>\n","protected":false},"author":1,"featured_media":0,"parent":0,"menu_order":0,"comment_status":"closed","ping_status":"closed","template":"","meta":{"_seopress_robots_primary_cat":"","_seopress_titles_title":"","_seopress_titles_desc":"","_seopress_robots_index":"","footnotes":""},"class_list":["post-1440","page","type-page","status-publish","hentry"],"_links":{"self":[{"href":"https:\/\/taivoan.fr\/index.php\/wp-json\/wp\/v2\/pages\/1440","targetHints":{"allow":["GET"]}}],"collection":[{"href":"https:\/\/taivoan.fr\/index.php\/wp-json\/wp\/v2\/pages"}],"about":[{"href":"https:\/\/taivoan.fr\/index.php\/wp-json\/wp\/v2\/types\/page"}],"author":[{"embeddable":true,"href":"https:\/\/taivoan.fr\/index.php\/wp-json\/wp\/v2\/users\/1"}],"replies":[{"embeddable":true,"href":"https:\/\/taivoan.fr\/index.php\/wp-json\/wp\/v2\/comments?post=1440"}],"version-history":[{"count":10,"href":"https:\/\/taivoan.fr\/index.php\/wp-json\/wp\/v2\/pages\/1440\/revisions"}],"predecessor-version":[{"id":1527,"href":"https:\/\/taivoan.fr\/index.php\/wp-json\/wp\/v2\/pages\/1440\/revisions\/1527"}],"wp:attachment":[{"href":"https:\/\/taivoan.fr\/index.php\/wp-json\/wp\/v2\/media?parent=1440"}],"curies":[{"name":"wp","href":"https:\/\/api.w.org\/{rel}","templated":true}]}}