{"id":1343,"date":"2025-09-01T00:28:06","date_gmt":"2025-09-01T00:28:06","guid":{"rendered":"https:\/\/taivoan.fr\/?page_id=1343"},"modified":"2025-09-01T18:49:48","modified_gmt":"2025-09-01T18:49:48","slug":"ememe","status":"publish","type":"page","link":"https:\/\/taivoan.fr\/index.php\/ememe\/","title":{"rendered":"Ememe"},"content":{"rendered":"\n<h2 class=\"wp-block-heading has-text-align-center has-vivid-cyan-blue-color has-text-color has-link-color wp-elements-364dfb0d4d542186fd1086d0566f4ea0\" style=\"font-size:30px\"><mark style=\"background-color:#8ed1fc;color:#0693e3\" class=\"has-inline-color\">Ememe<\/mark><\/h2>\n\n\n\n<div class=\"wp-block-columns is-layout-flex wp-container-core-columns-is-layout-28f84493 wp-block-columns-is-layout-flex\">\n<div class=\"wp-block-column is-layout-flow wp-block-column-is-layout-flow\" style=\"flex-basis:33.33%\">\n<figure class=\"wp-block-image size-full\"><img alt=\"\" loading=\"lazy\" decoding=\"async\" width=\"692\" height=\"1134\" src=\"https:\/\/taivoan.fr\/wp-content\/uploads\/2025\/09\/Chen-terminer-2.jpg\" alt=\"\" class=\"wp-image-1373\" srcset=\"https:\/\/taivoan.fr\/wp-content\/uploads\/2025\/09\/Chen-terminer-2.jpg 692w, https:\/\/taivoan.fr\/wp-content\/uploads\/2025\/09\/Chen-terminer-2-183x300.jpg 183w, https:\/\/taivoan.fr\/wp-content\/uploads\/2025\/09\/Chen-terminer-2-625x1024.jpg 625w\" sizes=\"auto, (max-width: 692px) 100vw, 692px\" \/><\/figure>\n<\/div>\n\n\n\n<div class=\"wp-block-column has-vivid-cyan-blue-color has-white-background-color has-text-color has-background has-link-color wp-elements-2fa7e6091a2475f6f767dd758555366d is-layout-constrained wp-container-core-column-is-layout-19e250f3 wp-block-column-is-layout-constrained\" style=\"border-width:26px;flex-basis:66.66%\">\n<p class=\"has-text-align-left\"><strong>Langue aborig\u00e8ne ta\u00efwanaise (phon\u00e9tique)<\/strong><\/p>\n\n\n\n<p><strong>Ememe, ememe, ememe<\/strong><br>ma ra ma w su ki va li si ki ama<br>ka bu la si kal ra pung<\/p>\n\n\n\n<p><strong>Ememe, ememe, ememe<\/strong><br>ma ra ma w su ki tu cwu lw ku ki ina<br>ka su w la ple si ka mamele<\/p>\n\n\n\n<p style=\"padding-right:0;padding-left:0\"><strong>Ememe, ememe, ememe<\/strong><br>ma ti a ka e ka e ne su<br>li li li<br>i va va vla ku ma lra<\/p>\n\n\n\n<p><strong>Fran\u00e7ais<\/strong><\/p>\n\n\n\n<p><strong>Nuage blanc ! Nuage blanc !<\/strong><br>Tu es blanc comme les dents de papa,<\/p>\n\n\n\n<p><strong>Nuage blanc ! Nuage blanc !<\/strong><br>Tu es doux comme le g\u00e2teau de riz que fait maman,<\/p>\n\n\n\n<p><strong>Nuage blanc ! Nuage blanc !<\/strong><br>Tu as l\u2019air tellement d\u00e9licieux\u2026<br>Je veux, je veux, je veux,<br>Je veux te croquer d\u2019une seule bouch\u00e9e !<\/p>\n\n\n\n<p><strong>Chinois traditionnel + Pinyin<\/strong><\/p>\n\n\n\n<p><strong>\u767d\u96f2\uff01\u767d\u96f2\uff01<\/strong><br>\u4f60\u50cf\u7238\u7238\u7684\u7259\u9f52\u4e00\u6a23\u6f54\u767d\uff0c<br><strong>B\u00e1i y\u00fan! B\u00e1i y\u00fan!<\/strong><br><strong>N\u01d0 xi\u00e0ng b\u00e0ba de y\u00e1ch\u01d0 y\u012by\u00e0ng ji\u00e9b\u00e1i,<\/strong><\/p>\n\n\n\n<p><strong>\u767d\u96f2\uff01\u767d\u96f2\uff01<\/strong><br>\u4f60\u50cf\u5abd\u5abd\u505a\u7684\u7c73\u7cd5\u4e00\u6a23\u67d4\u8edf\uff0c<br><strong>B\u00e1i y\u00fan! B\u00e1i y\u00fan!<\/strong><br><strong>N\u01d0 xi\u00e0ng m\u0101m\u0101 zu\u00f2 de m\u01d0g\u0101o y\u012by\u00e0ng r\u00f3uru\u01cen,<\/strong><\/p>\n\n\n\n<p><strong>\u767d\u96f2\uff01\u767d\u96f2\uff01<\/strong><br>\u4f60\u7684\u6a23\u5b50\u5f88\u597d\u5403\u2026\u2026<br><strong>B\u00e1i y\u00fan! B\u00e1i y\u00fan!<\/strong><br><strong>N\u01d0 de y\u00e0ngzi h\u011bn h\u01ceoch\u012b\u2026\u2026<\/strong><\/p>\n\n\n\n<p class=\"has-text-align-left\">\u6211\u8981\u3001\u6211\u8981\u3001\u6211\u8981\uff0c<br><strong>W\u01d2 y\u00e0o, w\u01d2 y\u00e0o, w\u01d2 y\u00e0o,<\/strong><br>\u6211\u8981\u4e00\u53e3\u628a\u4f60\u541e\u4e0b\u53bb\uff01<br><strong>W\u01d2 y\u00e0o y\u012bk\u01d2u b\u01ce n\u01d0 t\u016bn xi\u00e0q\u00f9!<\/strong><\/p>\n<\/div>\n<\/div>\n\n\n\n<figure class=\"wp-block-audio\"><audio controls src=\"https:\/\/taivoan.fr\/wp-content\/uploads\/2025\/09\/2025_06_02_20_12_56-1.mp3\"><\/audio><\/figure>\n\n\n\n<div class=\"wp-block-buttons is-content-justification-center is-layout-flex wp-container-core-buttons-is-layout-a89b3969 wp-block-buttons-is-layout-flex\">\n<div class=\"wp-block-button\"><a class=\"wp-block-button__link has-white-color has-vivid-cyan-blue-background-color has-text-color has-background has-link-color has-text-align-center wp-element-button\" href=\"https:\/\/taivoan.fr\/index.php\/articles\/\">Articles<\/a><\/div>\n<\/div>\n","protected":false},"excerpt":{"rendered":"<p>Ememe Langue aborig\u00e8ne ta\u00efwanaise (phon\u00e9tique) Ememe, ememe, ememema ra ma w su ki va li si ki amaka bu la si kal ra pung Ememe, ememe, ememema ra ma w su ki tu cwu lw ku ki inaka su w la ple si ka mamele Ememe, ememe, ememema ti a ka e ka e ne [&hellip;]<\/p>\n","protected":false},"author":1,"featured_media":0,"parent":0,"menu_order":0,"comment_status":"closed","ping_status":"closed","template":"","meta":{"_seopress_robots_primary_cat":"","_seopress_titles_title":"","_seopress_titles_desc":"","_seopress_robots_index":"","footnotes":""},"class_list":["post-1343","page","type-page","status-publish","hentry"],"_links":{"self":[{"href":"https:\/\/taivoan.fr\/index.php\/wp-json\/wp\/v2\/pages\/1343","targetHints":{"allow":["GET"]}}],"collection":[{"href":"https:\/\/taivoan.fr\/index.php\/wp-json\/wp\/v2\/pages"}],"about":[{"href":"https:\/\/taivoan.fr\/index.php\/wp-json\/wp\/v2\/types\/page"}],"author":[{"embeddable":true,"href":"https:\/\/taivoan.fr\/index.php\/wp-json\/wp\/v2\/users\/1"}],"replies":[{"embeddable":true,"href":"https:\/\/taivoan.fr\/index.php\/wp-json\/wp\/v2\/comments?post=1343"}],"version-history":[{"count":4,"href":"https:\/\/taivoan.fr\/index.php\/wp-json\/wp\/v2\/pages\/1343\/revisions"}],"predecessor-version":[{"id":1374,"href":"https:\/\/taivoan.fr\/index.php\/wp-json\/wp\/v2\/pages\/1343\/revisions\/1374"}],"wp:attachment":[{"href":"https:\/\/taivoan.fr\/index.php\/wp-json\/wp\/v2\/media?parent=1343"}],"curies":[{"name":"wp","href":"https:\/\/api.w.org\/{rel}","templated":true}]}}