{"id":1221,"date":"2025-08-22T17:36:25","date_gmt":"2025-08-22T17:36:25","guid":{"rendered":"https:\/\/taivoan.fr\/?page_id=1221"},"modified":"2025-10-23T16:30:20","modified_gmt":"2025-10-23T16:30:20","slug":"articles","status":"publish","type":"page","link":"https:\/\/taivoan.fr\/index.php\/articles\/","title":{"rendered":"articles"},"content":{"rendered":"\n<p><\/p>\n\n\n\n<div class=\"wp-block-columns is-layout-flex wp-container-core-columns-is-layout-28f84493 wp-block-columns-is-layout-flex\">\n<div class=\"wp-block-column is-layout-flow wp-block-column-is-layout-flow\" style=\"flex-basis:33.33%\">\n<figure class=\"wp-block-image size-full is-style-rounded\"><img alt=\"\" loading=\"lazy\" decoding=\"async\" width=\"692\" height=\"1134\" src=\"https:\/\/taivoan.fr\/wp-content\/uploads\/2025\/09\/Chen-terminer-1.jpg\" alt=\"\" class=\"wp-image-1371\" srcset=\"https:\/\/taivoan.fr\/wp-content\/uploads\/2025\/09\/Chen-terminer-1.jpg 692w, https:\/\/taivoan.fr\/wp-content\/uploads\/2025\/09\/Chen-terminer-1-183x300.jpg 183w, https:\/\/taivoan.fr\/wp-content\/uploads\/2025\/09\/Chen-terminer-1-625x1024.jpg 625w\" sizes=\"auto, (max-width: 692px) 100vw, 692px\" \/><\/figure>\n<\/div>\n\n\n\n<div class=\"wp-block-column is-layout-flow wp-block-column-is-layout-flow\" style=\"font-size:30px;flex-basis:66.66%\">\n<h2 class=\"wp-block-heading has-text-align-center has-black-color has-pale-pink-background-color has-text-color has-background has-link-color wp-elements-1bec438d74a1d6fa9249c4a3fe0092d9\" style=\"font-size:23px\">Chansons aborig\u00e8nes ta\u00efwanaises<\/h2>\n\n\n\n<h2 class=\"wp-block-heading has-text-align-center\" style=\"font-size:25px\"><a href=\"https:\/\/taivoan.fr\/index.php\/qpatoul\/\" data-type=\"page\" data-id=\"1128\"><mark style=\"background-color:#d6cdde;color:#9b51e0\" class=\"has-inline-color\"><strong>Qpatoul<\/strong><\/mark><\/a><\/h2>\n\n\n\n<h2 class=\"wp-block-heading has-text-align-center\" style=\"font-size:25px\"><a href=\"https:\/\/taivoan.fr\/index.php\/ememe\/\" data-type=\"page\" data-id=\"1343\"><mark style=\"background-color:#8ed1fc;color:#0693e3\" class=\"has-inline-color\"><strong>Ememe<\/strong><\/mark><\/a><\/h2>\n<\/div>\n\n\n\n<div class=\"wp-block-column is-layout-flow wp-block-column-is-layout-flow\"><\/div>\n\n\n\n<div class=\"wp-block-column is-layout-flow wp-block-column-is-layout-flow\"><\/div>\n<\/div>\n\n\n\n<div class=\"wp-block-columns is-layout-flex wp-container-core-columns-is-layout-28f84493 wp-block-columns-is-layout-flex\">\n<div class=\"wp-block-column is-vertically-aligned-top has-black-color has-text-color has-link-color wp-elements-27411a957252b55fc63a39e54cad49b7 is-layout-flow wp-block-column-is-layout-flow\" style=\"flex-basis:66.66%\">\n<h2 class=\"wp-block-heading has-text-align-center has-black-background-color has-text-color has-background has-link-color wp-elements-2c68ca284f45e5dd5aa5a75a6b8fcd55\" style=\"color:#ffd000;font-size:23px\">Recette de g\u00e2teau de la f\u00eate de la lune<\/h2>\n\n\n\n<div class=\"wp-block-columns is-layout-flex wp-container-core-columns-is-layout-28f84493 wp-block-columns-is-layout-flex\">\n<div class=\"wp-block-column is-layout-flow wp-block-column-is-layout-flow\" style=\"flex-basis:66.66%\">\n<figure class=\"wp-block-image size-large is-style-rounded\"><a href=\"https:\/\/taivoan.fr\/index.php\/gateau-lune-haricot-rouge-sucre\/\"><img alt=\"\" loading=\"lazy\" decoding=\"async\" width=\"1024\" height=\"803\" src=\"https:\/\/taivoan.fr\/wp-content\/uploads\/2025\/10\/gateau-lune-24-1-1024x803.jpg\" alt=\"\" class=\"wp-image-1463\" srcset=\"https:\/\/taivoan.fr\/wp-content\/uploads\/2025\/10\/gateau-lune-24-1-1024x803.jpg 1024w, https:\/\/taivoan.fr\/wp-content\/uploads\/2025\/10\/gateau-lune-24-1-300x235.jpg 300w, https:\/\/taivoan.fr\/wp-content\/uploads\/2025\/10\/gateau-lune-24-1-768x602.jpg 768w, https:\/\/taivoan.fr\/wp-content\/uploads\/2025\/10\/gateau-lune-24-1.jpg 1488w\" sizes=\"auto, (max-width: 1024px) 100vw, 1024px\" \/><\/a><\/figure>\n<\/div>\n\n\n\n<div class=\"wp-block-column is-layout-flow wp-block-column-is-layout-flow\" style=\"flex-basis:33.33%\">\n<h2 class=\"wp-block-heading has-text-align-center has-luminous-vivid-orange-color has-text-color has-link-color wp-elements-4c4e6c0383e909c4aef82da6822eb989\" style=\"font-size:26px\">G\u00e2teau de haricot rouge sucr\u00e9<\/h2>\n<\/div>\n<\/div>\n<\/div>\n\n\n\n<div class=\"wp-block-column is-layout-flow wp-block-column-is-layout-flow\" style=\"flex-basis:33.33%\">\n<figure class=\"wp-block-image size-large is-style-rounded\"><img alt=\"\" loading=\"lazy\" decoding=\"async\" width=\"625\" height=\"1024\" src=\"http:\/\/taivoan.fr\/wp-content\/uploads\/2025\/09\/Chen-terminer-625x1024.jpg\" alt=\"\" class=\"wp-image-1369\" srcset=\"https:\/\/taivoan.fr\/wp-content\/uploads\/2025\/09\/Chen-terminer-625x1024.jpg 625w, https:\/\/taivoan.fr\/wp-content\/uploads\/2025\/09\/Chen-terminer-183x300.jpg 183w, https:\/\/taivoan.fr\/wp-content\/uploads\/2025\/09\/Chen-terminer.jpg 692w\" sizes=\"auto, (max-width: 625px) 100vw, 625px\" \/><\/figure>\n<\/div>\n<\/div>\n\n\n\n<div class=\"wp-block-buttons is-content-justification-center is-layout-flex wp-container-core-buttons-is-layout-a89b3969 wp-block-buttons-is-layout-flex\">\n<div class=\"wp-block-button\"><a class=\"wp-block-button__link has-black-color has-light-green-cyan-background-color has-text-color has-background has-link-color has-text-align-center wp-element-button\" href=\"https:\/\/taivoan.fr\/index.php\/histoire-2\/\">Histoire<\/a><\/div>\n<\/div>\n\n\n\n<div class=\"wp-block-buttons is-content-justification-center is-layout-flex wp-container-core-buttons-is-layout-a89b3969 wp-block-buttons-is-layout-flex\">\n<div class=\"wp-block-button\"><a class=\"wp-block-button__link has-black-color has-light-green-cyan-background-color has-text-color has-background has-link-color has-text-align-center wp-element-button\" href=\"https:\/\/taivoan.fr\/index.php\/personnage\/\">Personnages<\/a><\/div>\n<\/div>\n","protected":false},"excerpt":{"rendered":"<p>Chansons aborig\u00e8nes ta\u00efwanaises Qpatoul Ememe Recette de g\u00e2teau de la f\u00eate de la lune G\u00e2teau de haricot rouge sucr\u00e9<\/p>\n","protected":false},"author":1,"featured_media":0,"parent":0,"menu_order":0,"comment_status":"closed","ping_status":"closed","template":"","meta":{"_seopress_robots_primary_cat":"","_seopress_titles_title":"","_seopress_titles_desc":"","_seopress_robots_index":"","footnotes":""},"class_list":["post-1221","page","type-page","status-publish","hentry"],"_links":{"self":[{"href":"https:\/\/taivoan.fr\/index.php\/wp-json\/wp\/v2\/pages\/1221","targetHints":{"allow":["GET"]}}],"collection":[{"href":"https:\/\/taivoan.fr\/index.php\/wp-json\/wp\/v2\/pages"}],"about":[{"href":"https:\/\/taivoan.fr\/index.php\/wp-json\/wp\/v2\/types\/page"}],"author":[{"embeddable":true,"href":"https:\/\/taivoan.fr\/index.php\/wp-json\/wp\/v2\/users\/1"}],"replies":[{"embeddable":true,"href":"https:\/\/taivoan.fr\/index.php\/wp-json\/wp\/v2\/comments?post=1221"}],"version-history":[{"count":35,"href":"https:\/\/taivoan.fr\/index.php\/wp-json\/wp\/v2\/pages\/1221\/revisions"}],"predecessor-version":[{"id":1469,"href":"https:\/\/taivoan.fr\/index.php\/wp-json\/wp\/v2\/pages\/1221\/revisions\/1469"}],"wp:attachment":[{"href":"https:\/\/taivoan.fr\/index.php\/wp-json\/wp\/v2\/media?parent=1221"}],"curies":[{"name":"wp","href":"https:\/\/api.w.org\/{rel}","templated":true}]}}