{"id":1220,"date":"2025-08-22T17:36:05","date_gmt":"2025-08-22T17:36:05","guid":{"rendered":"https:\/\/taivoan.fr\/?page_id=1220"},"modified":"2025-09-01T00:46:24","modified_gmt":"2025-09-01T00:46:24","slug":"histoire-2","status":"publish","type":"page","link":"https:\/\/taivoan.fr\/index.php\/histoire-2\/","title":{"rendered":"Histoire"},"content":{"rendered":"\n<h1 class=\"wp-block-heading has-text-align-center has-vivid-green-cyan-color has-white-background-color has-text-color has-background has-link-color wp-elements-f7ffe99a1e3ec15d779821e852a5592b\">Histoire<\/h1>\n\n\n\n<p class=\"has-vivid-green-cyan-color has-raft-fg-alt-background-color has-text-color has-background has-link-color has-figtree-font-family wp-elements-b582d95c8f956e9d456c739ecb023783\" style=\"font-size:24px\">Bonjour \u00e0 toutes les filles et \u00e0 tous les gar\u00e7ons !<br>Le Blog des Enfants vous pr\u00e9sente Ta\u00efwan, une petite \u00eele situ\u00e9e entre la Chine, le Japon et les Philippines.<br>Nous allons vous faire d\u00e9couvrir sa cuisine, ses f\u00eates, ses plantes et ses animaux, ses chansons et ses po\u00e8mes\u2026 Bref, toute sa culture et son art.<br>Plongez avec nous dans l\u2019aventure de Ta\u00efwan !<\/p>\n\n\n\n<div class=\"wp-block-buttons is-content-justification-center is-layout-flex wp-container-core-buttons-is-layout-a89b3969 wp-block-buttons-is-layout-flex\">\n<div class=\"wp-block-button\"><a class=\"wp-block-button__link has-black-color has-light-green-cyan-background-color has-text-color has-background has-link-color has-text-align-center has-custom-font-size wp-element-button\" href=\"https:\/\/taivoan.fr\/index.php\/personnage\/\" style=\"font-size:17px\">Personnages<\/a><\/div>\n<\/div>\n\n\n\n<div class=\"wp-block-buttons is-content-justification-center is-layout-flex wp-container-core-buttons-is-layout-a89b3969 wp-block-buttons-is-layout-flex\">\n<div class=\"wp-block-button\"><a class=\"wp-block-button__link has-black-color has-light-green-cyan-background-color has-text-color has-background has-link-color has-text-align-center has-custom-font-size wp-element-button\" href=\"https:\/\/taivoan.fr\/index.php\/articles\/\" style=\"font-size:17px\">Articles<\/a><\/div>\n<\/div>\n\n\n\n<p><\/p>\n","protected":false},"excerpt":{"rendered":"<p>Histoire Bonjour \u00e0 toutes les filles et \u00e0 tous les gar\u00e7ons !Le Blog des Enfants vous pr\u00e9sente Ta\u00efwan, une petite \u00eele situ\u00e9e entre la Chine, le Japon et les Philippines.Nous allons vous faire d\u00e9couvrir sa cuisine, ses f\u00eates, ses plantes et ses animaux, ses chansons et ses po\u00e8mes\u2026 Bref, toute sa culture et son art.Plongez [&hellip;]<\/p>\n","protected":false},"author":1,"featured_media":0,"parent":0,"menu_order":0,"comment_status":"closed","ping_status":"closed","template":"","meta":{"_seopress_robots_primary_cat":"","_seopress_titles_title":"","_seopress_titles_desc":"","_seopress_robots_index":"","footnotes":""},"class_list":["post-1220","page","type-page","status-publish","hentry"],"_links":{"self":[{"href":"https:\/\/taivoan.fr\/index.php\/wp-json\/wp\/v2\/pages\/1220","targetHints":{"allow":["GET"]}}],"collection":[{"href":"https:\/\/taivoan.fr\/index.php\/wp-json\/wp\/v2\/pages"}],"about":[{"href":"https:\/\/taivoan.fr\/index.php\/wp-json\/wp\/v2\/types\/page"}],"author":[{"embeddable":true,"href":"https:\/\/taivoan.fr\/index.php\/wp-json\/wp\/v2\/users\/1"}],"replies":[{"embeddable":true,"href":"https:\/\/taivoan.fr\/index.php\/wp-json\/wp\/v2\/comments?post=1220"}],"version-history":[{"count":10,"href":"https:\/\/taivoan.fr\/index.php\/wp-json\/wp\/v2\/pages\/1220\/revisions"}],"predecessor-version":[{"id":1360,"href":"https:\/\/taivoan.fr\/index.php\/wp-json\/wp\/v2\/pages\/1220\/revisions\/1360"}],"wp:attachment":[{"href":"https:\/\/taivoan.fr\/index.php\/wp-json\/wp\/v2\/media?parent=1220"}],"curies":[{"name":"wp","href":"https:\/\/api.w.org\/{rel}","templated":true}]}}