{"id":1219,"date":"2025-08-22T17:36:53","date_gmt":"2025-08-22T17:36:53","guid":{"rendered":"https:\/\/taivoan.fr\/?page_id=1219"},"modified":"2025-09-03T18:19:10","modified_gmt":"2025-09-03T18:19:10","slug":"personnage","status":"publish","type":"page","link":"https:\/\/taivoan.fr\/index.php\/personnage\/","title":{"rendered":"Personnage"},"content":{"rendered":"\n<div class=\"wp-block-media-text is-stacked-on-mobile has-raft-bg-inv-color has-raft-fg-alt-background-color has-text-color has-background has-link-color wp-elements-0203644992a5cfc489992772bd500527\" style=\"font-size:20px;grid-template-columns:30% auto\"><figure class=\"wp-block-media-text__media\"><img alt=\"\" loading=\"lazy\" decoding=\"async\" width=\"625\" height=\"1024\" src=\"https:\/\/taivoan.fr\/wp-content\/uploads\/2025\/09\/Chen-terminer-5-625x1024.jpg\" alt=\"\" class=\"wp-image-1378 size-full\" srcset=\"https:\/\/taivoan.fr\/wp-content\/uploads\/2025\/09\/Chen-terminer-5-625x1024.jpg 625w, https:\/\/taivoan.fr\/wp-content\/uploads\/2025\/09\/Chen-terminer-5-183x300.jpg 183w, https:\/\/taivoan.fr\/wp-content\/uploads\/2025\/09\/Chen-terminer-5.jpg 692w\" sizes=\"auto, (max-width: 625px) 100vw, 625px\" \/><\/figure><div class=\"wp-block-media-text__content\">\n<p class=\"has-vivid-green-cyan-color has-white-background-color has-text-color has-background has-link-color wp-elements-94ef2f99faa0f1959652861fcb7771b6\">Chen est une fillette de 7 ans qui nous raconte tout sur les activit\u00e9s humaines, comme la culture, la cuisine, etc. Son petit secret : elle se croit la cheffe, alors qu\u2019en r\u00e9alit\u00e9, il n\u2019y en a pas.<\/p>\n\n\n\n<p class=\"has-black-color has-white-background-color has-text-color has-background has-link-color wp-elements-cb4e70c72e0e1d78ccea098861e9d245\">\u6668\u662f\u4e00\u500b 7 \u6b72\u7684\u5c0f\u5973\u5b69\uff0c\u5979\u6703\u7d66\u6211\u5011\u8b1b\u8ff0\u5404\u7a2e\u4eba\u985e\u7684\u6d3b\u52d5\uff0c\u6bd4\u5982\u6587\u5316\u3001\u70f9\u98ea\u7b49\u7b49\u3002\u5979\u7684\u5c0f\u7955\u5bc6\u662f\uff1a\u5979\u81ea\u4ee5\u70ba\u662f\u5c0f\u9996\u9818\uff0c\u5176\u5be6\u6839\u672c\u6c92\u6709\u9996\u9818\u3002<\/p>\n<\/div><\/div>\n\n\n\n<div class=\"wp-block-media-text is-stacked-on-mobile has-raft-fg-alt-background-color has-background\" style=\"grid-template-columns:30% auto\"><figure class=\"wp-block-media-text__media\"><img alt=\"\" loading=\"lazy\" decoding=\"async\" width=\"593\" height=\"1024\" src=\"https:\/\/taivoan.fr\/wp-content\/uploads\/2025\/09\/Draco-terminer-593x1024.jpg\" alt=\"\" class=\"wp-image-1380 size-full\" srcset=\"https:\/\/taivoan.fr\/wp-content\/uploads\/2025\/09\/Draco-terminer-593x1024.jpg 593w, https:\/\/taivoan.fr\/wp-content\/uploads\/2025\/09\/Draco-terminer-174x300.jpg 174w, https:\/\/taivoan.fr\/wp-content\/uploads\/2025\/09\/Draco-terminer.jpg 656w\" sizes=\"auto, (max-width: 593px) 100vw, 593px\" \/><\/figure><div class=\"wp-block-media-text__content\">\n<p class=\"has-vivid-cyan-blue-color has-white-background-color has-text-color has-background has-link-color wp-elements-7ac4f48e2d1c6dece638dd2187a77883\" style=\"font-size:20px\">Drago est un petit dragon. Il nous pr\u00e9sente ses cousins. Son petit secret : il est amoureux de Fleuri\u2026 mais chut, c\u2019est un secret !<\/p>\n\n\n\n<p class=\"has-black-color has-white-background-color has-text-color has-background has-link-color wp-elements-50f5ac73d2a9697304ba0b25b83a2e71\" style=\"font-size:20px\">\u5fb7\u62c9\u6208\u662f\u4e00\u689d\u5c0f\u9f8d\uff0c\u4ed6\u6703\u7d66\u6211\u5011\u4ecb\u7d39\u4ed6\u7684\u8868\u89aa\u5011\u3002\u4ed6\u7684\u5c0f\u7955\u5bc6\u662f\uff1a\u4ed6\u559c\u6b61\u4e0a\u4e86\u8299\u6d1b\u8389\u2026\u2026\u5653\uff0c\u9019\u662f\u500b\u7955\u5bc6\uff01<\/p>\n<\/div><\/div>\n\n\n\n<div class=\"wp-block-media-text is-stacked-on-mobile has-raft-fg-alt-background-color has-text-color has-background has-link-color wp-elements-f88637eb65cb85b311871663ef91a15c\" style=\"color:#f40000;grid-template-columns:30% auto\"><figure class=\"wp-block-media-text__media\"><img alt=\"\" loading=\"lazy\" decoding=\"async\" width=\"624\" height=\"972\" src=\"https:\/\/taivoan.fr\/wp-content\/uploads\/2025\/08\/Pendi-terminer-1.jpg\" alt=\"\" class=\"wp-image-1288 size-full\" srcset=\"https:\/\/taivoan.fr\/wp-content\/uploads\/2025\/08\/Pendi-terminer-1.jpg 624w, https:\/\/taivoan.fr\/wp-content\/uploads\/2025\/08\/Pendi-terminer-1-193x300.jpg 193w\" sizes=\"auto, (max-width: 624px) 100vw, 624px\" \/><\/figure><div class=\"wp-block-media-text__content\">\n<p class=\"has-white-background-color has-text-color has-background has-link-color wp-elements-cbd51e88facf92b061fc72e251f4713a\" style=\"color:#ff0000;font-size:20px\">Pendi est une panth\u00e8re de Ta\u00efwan. Il a des amis animaux qui vivent aussi \u00e0 Ta\u00efwan, et il nous raconte tout sur ses copains.<\/p>\n\n\n\n<p class=\"has-white-background-color has-text-color has-background has-link-color wp-elements-43c20913c992dcf50b196029e5f39530\" style=\"color:#ff0000;font-size:20px\"><mark style=\"background-color:rgba(0, 0, 0, 0);color:#000000\" class=\"has-inline-color\">\u5f6d\u8fea\u662f\u4e00\u96bb\u53f0\u7063\u7684\u9ed1\u8c79\u3002\u4ed6\u6709\u4e00\u4e9b\u4e5f\u4f4f\u5728\u53f0\u7063\u7684\u52d5\u7269\u670b\u53cb\uff0c\u4e26\u4e14\u6703\u5411\u6211\u5011\u4ecb\u7d39\u4ed6\u7684\u670b\u53cb\u5011\u3002<\/mark><\/p>\n<\/div><\/div>\n\n\n\n<div class=\"wp-block-media-text is-stacked-on-mobile has-raft-fg-color has-raft-fg-alt-background-color has-text-color has-background has-link-color wp-elements-c9a94d8e0a0501ff7d936b9752f20ca6\" style=\"grid-template-columns:30% auto\"><figure class=\"wp-block-media-text__media\"><img alt=\"\" loading=\"lazy\" decoding=\"async\" width=\"646\" height=\"1024\" src=\"https:\/\/taivoan.fr\/wp-content\/uploads\/2025\/09\/Fleur-termineri-646x1024.jpg\" alt=\"\" class=\"wp-image-1381 size-full\" srcset=\"https:\/\/taivoan.fr\/wp-content\/uploads\/2025\/09\/Fleur-termineri-646x1024.jpg 646w, https:\/\/taivoan.fr\/wp-content\/uploads\/2025\/09\/Fleur-termineri-189x300.jpg 189w, https:\/\/taivoan.fr\/wp-content\/uploads\/2025\/09\/Fleur-termineri.jpg 684w\" sizes=\"auto, (max-width: 646px) 100vw, 646px\" \/><\/figure><div class=\"wp-block-media-text__content\">\n<p class=\"has-luminous-vivid-amber-color has-white-background-color has-text-color has-background has-link-color wp-elements-f38cbad471b657dd804dbc1398fdcce2\" style=\"font-size:20px\">Fleuri est amoureuse de presque tous les gar\u00e7ons\u2026 sauf Drago ! Elle nous pr\u00e9sente les fleurs de Ta\u00efwan une par une.<\/p>\n\n\n\n<p class=\"has-black-color has-white-background-color has-text-color has-background has-link-color wp-elements-04f365a5d34ef6e8b4549db1a45e35cd\" style=\"font-size:20px\">\u8299\u6d1b\u8389\u5e7e\u4e4e\u559c\u6b61\u6240\u6709\u7684\u7537\u5b69\u2026\u2026\u9664\u4e86\u5fb7\u62c9\u6208!\u5979\u6703\u4e00\u6735\u4e00\u6735\u5730\u5411\u6211\u5011\u4ecb\u7d39\u81fa\u7063\u7684\u82b1\u5152\u5011<mark style=\"background-color:rgba(0, 0, 0, 0);color:#000000\" class=\"has-inline-color\">\u3002<\/mark><\/p>\n<\/div><\/div>\n\n\n\n<div class=\"wp-block-buttons is-content-justification-center is-layout-flex wp-container-core-buttons-is-layout-a89b3969 wp-block-buttons-is-layout-flex\">\n<div class=\"wp-block-button is-style-fill\"><a class=\"wp-block-button__link has-black-color has-light-green-cyan-background-color has-text-color has-background has-link-color has-text-align-center has-custom-font-size wp-element-button\" href=\"https:\/\/taivoan.fr\/index.php\/histoire-2\/\" style=\"font-size:17px\">Histoire<\/a><\/div>\n<\/div>\n\n\n\n<div class=\"wp-block-buttons is-content-justification-center is-layout-flex wp-container-core-buttons-is-layout-a89b3969 wp-block-buttons-is-layout-flex\">\n<div class=\"wp-block-button\"><a class=\"wp-block-button__link has-black-color has-light-green-cyan-background-color has-text-color has-background has-link-color has-text-align-center has-custom-font-size wp-element-button\" href=\"https:\/\/taivoan.fr\/index.php\/articles\/\" style=\"font-size:17px\">Articles<\/a><\/div>\n<\/div>\n\n\n\n<p><\/p>\n","protected":false},"excerpt":{"rendered":"<p>Chen est une fillette de 7 ans qui nous raconte tout sur les activit\u00e9s humaines, comme la culture, la cuisine, etc. Son petit secret : elle se croit la cheffe, alors qu\u2019en r\u00e9alit\u00e9, il n\u2019y en a pas. \u6668\u662f\u4e00\u500b 7 \u6b72\u7684\u5c0f\u5973\u5b69\uff0c\u5979\u6703\u7d66\u6211\u5011\u8b1b\u8ff0\u5404\u7a2e\u4eba\u985e\u7684\u6d3b\u52d5\uff0c\u6bd4\u5982\u6587\u5316\u3001\u70f9\u98ea\u7b49\u7b49\u3002\u5979\u7684\u5c0f\u7955\u5bc6\u662f\uff1a\u5979\u81ea\u4ee5\u70ba\u662f\u5c0f\u9996\u9818\uff0c\u5176\u5be6\u6839\u672c\u6c92\u6709\u9996\u9818\u3002 Drago est un petit dragon. Il nous pr\u00e9sente ses cousins. Son petit secret : [&hellip;]<\/p>\n","protected":false},"author":1,"featured_media":0,"parent":0,"menu_order":0,"comment_status":"closed","ping_status":"closed","template":"","meta":{"_seopress_robots_primary_cat":"","_seopress_titles_title":"","_seopress_titles_desc":"","_seopress_robots_index":"","footnotes":""},"class_list":["post-1219","page","type-page","status-publish","hentry"],"_links":{"self":[{"href":"https:\/\/taivoan.fr\/index.php\/wp-json\/wp\/v2\/pages\/1219","targetHints":{"allow":["GET"]}}],"collection":[{"href":"https:\/\/taivoan.fr\/index.php\/wp-json\/wp\/v2\/pages"}],"about":[{"href":"https:\/\/taivoan.fr\/index.php\/wp-json\/wp\/v2\/types\/page"}],"author":[{"embeddable":true,"href":"https:\/\/taivoan.fr\/index.php\/wp-json\/wp\/v2\/users\/1"}],"replies":[{"embeddable":true,"href":"https:\/\/taivoan.fr\/index.php\/wp-json\/wp\/v2\/comments?post=1219"}],"version-history":[{"count":22,"href":"https:\/\/taivoan.fr\/index.php\/wp-json\/wp\/v2\/pages\/1219\/revisions"}],"predecessor-version":[{"id":1398,"href":"https:\/\/taivoan.fr\/index.php\/wp-json\/wp\/v2\/pages\/1219\/revisions\/1398"}],"wp:attachment":[{"href":"https:\/\/taivoan.fr\/index.php\/wp-json\/wp\/v2\/media?parent=1219"}],"curies":[{"name":"wp","href":"https:\/\/api.w.org\/{rel}","templated":true}]}}