{"id":1128,"date":"2025-08-03T16:48:33","date_gmt":"2025-08-03T16:48:33","guid":{"rendered":"https:\/\/taivoan.fr\/?page_id=1128"},"modified":"2025-09-01T18:48:25","modified_gmt":"2025-09-01T18:48:25","slug":"qpatoul","status":"publish","type":"page","link":"https:\/\/taivoan.fr\/index.php\/qpatoul\/","title":{"rendered":"Qpatoul"},"content":{"rendered":"\n<h2 class=\"wp-block-heading has-text-align-center has-vivid-purple-color has-raft-bg-alt-background-color has-text-color has-background has-link-color wp-elements-c53aa636bf652a2724181b57802711b1\" style=\"font-size:30px\"><strong><mark style=\"background-color:#d6cdde;color:#9b51e0\" class=\"has-inline-color\">Qpatoul<\/mark><\/strong><\/h2>\n\n\n\n<div class=\"wp-block-columns is-layout-flex wp-container-core-columns-is-layout-28f84493 wp-block-columns-is-layout-flex\">\n<div class=\"wp-block-column is-vertically-aligned-center has-vivid-purple-color has-white-background-color has-text-color has-background has-link-color wp-elements-febf1dca68bca4e4e8c51aaa0ce26e49 is-layout-constrained wp-container-core-column-is-layout-19e250f3 wp-block-column-is-layout-constrained\" style=\"border-width:26px;font-size:18px;flex-basis:66.66%\">\n<p><strong>Langue aborig\u00e8ne ta\u00efwanaise (phon\u00e9tique) <\/strong>Qwaq Qwaq Qpatoul, Qwaq Qwaq Qpatoul<br>mlabu da waru su, mlabu da buyas su <\/p>\n\n\n\n<p><strong><strong>Fran\u00e7ais                                                    <\/strong><\/strong><\/p>\n\n\n\n<p>Croa croa, petite grenouille, croa croa, petite grenouille,ton cou se gonfle, ton ventre se bombe. <strong><strong>                                                 <\/strong><\/strong><\/p>\n\n\n\n<p><strong><strong>Chinois traditionnel + Pinyin <\/strong><\/strong> <\/p>\n\n\n\n<p>\u5471\u5471\u5c0f\u9752\u86d9\uff0c\u5471\u5471\u5c0f\u9752\u86d9\uff0c\u8116\u5b50\u9f13\u8d77\u4f86\u4e86\uff0c\u809a\u5b50\u8139\u8d77\u4f86\u4e86<strong><strong><br><\/strong><\/strong>Gu\u0101 gu\u0101 xi\u01ceo q\u012bngw\u0101, gu\u0101 gu\u0101 xi\u01ceo q\u012bngw\u0101,<br>B\u00f3zi g\u01d4 q\u01d0l\u00e1i le, d\u00f9zi zh\u00e0ng q\u01d0l\u00e1i le<\/p>\n\n\n\n<p class=\"has-vivid-purple-color has-white-background-color has-text-color has-background has-link-color wp-elements-16169efeee7778dc8e30d092acd4226f\"><\/p>\n<\/div>\n\n\n\n<div class=\"wp-block-column is-layout-flow wp-block-column-is-layout-flow\" style=\"flex-basis:33.33%\">\n<figure class=\"wp-block-gallery has-nested-images columns-default is-cropped wp-block-gallery-1 is-layout-flex wp-block-gallery-is-layout-flex\">\n<figure class=\"wp-block-image size-full\"><img alt=\"\" loading=\"lazy\" decoding=\"async\" width=\"692\" height=\"1134\" data-id=\"1369\" src=\"https:\/\/taivoan.fr\/wp-content\/uploads\/2025\/09\/Chen-terminer.jpg\" alt=\"\" class=\"wp-image-1369\" srcset=\"https:\/\/taivoan.fr\/wp-content\/uploads\/2025\/09\/Chen-terminer.jpg 692w, https:\/\/taivoan.fr\/wp-content\/uploads\/2025\/09\/Chen-terminer-183x300.jpg 183w, https:\/\/taivoan.fr\/wp-content\/uploads\/2025\/09\/Chen-terminer-625x1024.jpg 625w\" sizes=\"auto, (max-width: 692px) 100vw, 692px\" \/><\/figure>\n<\/figure>\n<\/div>\n<\/div>\n\n\n\n<figure class=\"wp-block-audio\"><audio controls src=\"https:\/\/taivoan.fr\/wp-content\/uploads\/2025\/09\/2025_06_02_20_01_46.mp3\"><\/audio><\/figure>\n\n\n\n<div class=\"wp-block-buttons is-content-justification-center is-layout-flex wp-container-core-buttons-is-layout-a89b3969 wp-block-buttons-is-layout-flex\">\n<div class=\"wp-block-button\"><a class=\"wp-block-button__link has-white-color has-vivid-purple-background-color has-text-color has-background has-link-color has-text-align-center wp-element-button\" href=\"https:\/\/taivoan.fr\/index.php\/articles\/\">Articles<\/a><\/div>\n<\/div>\n\n\n\n<p><\/p>\n","protected":false},"excerpt":{"rendered":"<p>Qpatoul Langue aborig\u00e8ne ta\u00efwanaise (phon\u00e9tique) Qwaq Qwaq Qpatoul, Qwaq Qwaq Qpatoulmlabu da waru su, mlabu da buyas su Fran\u00e7ais Croa croa, petite grenouille, croa croa, petite grenouille,ton cou se gonfle, ton ventre se bombe. Chinois traditionnel + Pinyin \u5471\u5471\u5c0f\u9752\u86d9\uff0c\u5471\u5471\u5c0f\u9752\u86d9\uff0c\u8116\u5b50\u9f13\u8d77\u4f86\u4e86\uff0c\u809a\u5b50\u8139\u8d77\u4f86\u4e86Gu\u0101 gu\u0101 xi\u01ceo q\u012bngw\u0101, gu\u0101 gu\u0101 xi\u01ceo q\u012bngw\u0101,B\u00f3zi g\u01d4 q\u01d0l\u00e1i le, d\u00f9zi zh\u00e0ng q\u01d0l\u00e1i le<\/p>\n","protected":false},"author":1,"featured_media":0,"parent":0,"menu_order":0,"comment_status":"closed","ping_status":"closed","template":"","meta":{"_seopress_robots_primary_cat":"","_seopress_titles_title":"","_seopress_titles_desc":"","_seopress_robots_index":"","footnotes":""},"class_list":["post-1128","page","type-page","status-publish","hentry"],"_links":{"self":[{"href":"https:\/\/taivoan.fr\/index.php\/wp-json\/wp\/v2\/pages\/1128","targetHints":{"allow":["GET"]}}],"collection":[{"href":"https:\/\/taivoan.fr\/index.php\/wp-json\/wp\/v2\/pages"}],"about":[{"href":"https:\/\/taivoan.fr\/index.php\/wp-json\/wp\/v2\/types\/page"}],"author":[{"embeddable":true,"href":"https:\/\/taivoan.fr\/index.php\/wp-json\/wp\/v2\/users\/1"}],"replies":[{"embeddable":true,"href":"https:\/\/taivoan.fr\/index.php\/wp-json\/wp\/v2\/comments?post=1128"}],"version-history":[{"count":8,"href":"https:\/\/taivoan.fr\/index.php\/wp-json\/wp\/v2\/pages\/1128\/revisions"}],"predecessor-version":[{"id":1370,"href":"https:\/\/taivoan.fr\/index.php\/wp-json\/wp\/v2\/pages\/1128\/revisions\/1370"}],"wp:attachment":[{"href":"https:\/\/taivoan.fr\/index.php\/wp-json\/wp\/v2\/media?parent=1128"}],"curies":[{"name":"wp","href":"https:\/\/api.w.org\/{rel}","templated":true}]}}