{"id":1054,"date":"2025-07-31T18:12:51","date_gmt":"2025-07-31T18:12:51","guid":{"rendered":"https:\/\/taivoan.fr\/?page_id=1054"},"modified":"2025-08-31T23:27:00","modified_gmt":"2025-08-31T23:27:00","slug":"transmission-des-chants-traditionnels-taiwanais","status":"publish","type":"page","link":"https:\/\/taivoan.fr\/index.php\/transmission-des-chants-traditionnels-taiwanais\/","title":{"rendered":"Transmission des chants traditionnels ta\u00efwanais"},"content":{"rendered":"\n<h2 class=\"wp-block-heading has-text-color has-background has-link-color wp-elements-1687f9ebab3665924c5526b2aec8f320\" style=\"color:#ffffff66;background-color:#00000024\">Chanson aborig\u00e8ne ta\u00efwanaise<\/h2>\n\n\n\n<p><\/p>\n\n\n\n<div class=\"wp-block-columns is-layout-flex wp-container-core-columns-is-layout-28f84493 wp-block-columns-is-layout-flex\">\n<div class=\"wp-block-column is-layout-flow wp-block-column-is-layout-flow\">\n<h2 class=\"wp-block-heading has-text-color has-background has-link-color wp-elements-f04638fb9f714edab7fd87ee72336538\" style=\"color:#ffffff8a;background-color:#7bdbb552;font-size:18px\">En silence, quelque chose m\u00fbrit<\/h2>\n<\/div>\n\n\n\n<div class=\"wp-block-column is-layout-flow wp-block-column-is-layout-flow\"><\/div>\n<\/div>\n\n\n\n<p><\/p>\n\n\n\n<h2 class=\"wp-block-heading has-text-color has-background has-link-color wp-elements-583cf4abbcd2f1d07ae2f41ed5778537\" style=\"color:#ffffff66;background-color:#00000024\">Chanson traditionnelle chinoise<\/h2>\n\n\n\n<p><\/p>\n\n\n\n<div class=\"wp-block-columns is-layout-flex wp-container-core-columns-is-layout-28f84493 wp-block-columns-is-layout-flex\">\n<div class=\"wp-block-column is-layout-flow wp-block-column-is-layout-flow\">\n<p><\/p>\n<\/div>\n\n\n\n<div class=\"wp-block-column is-layout-flow wp-block-column-is-layout-flow\">\n<h2 class=\"wp-block-heading has-text-color has-background has-link-color wp-elements-b7a9a9643755d299cc77cc2c93314b7d\" style=\"color:#ffffff8a;background-color:#7bdbb552;font-size:18px\">En silence, quelque chose m\u00fbrit<\/h2>\n<\/div>\n<\/div>\n\n\n\n<p><\/p>\n\n\n\n<p><\/p>\n\n\n\n<p><\/p>\n\n\n\n<p><\/p>\n\n\n\n<p><\/p>\n\n\n\n<div class=\"wp-block-buttons is-content-justification-center is-layout-flex wp-container-core-buttons-is-layout-1b5e23dd wp-block-buttons-is-layout-flex\" style=\"border-width:47px;border-radius:0px;margin-top:0;margin-bottom:0;padding-top:0;padding-bottom:0\">\n<div class=\"wp-block-button has-custom-width wp-block-button__width-25\"><a class=\"wp-block-button__link has-text-color has-background has-link-color has-text-align-center has-custom-font-size wp-element-button\" href=\"https:\/\/taivoan.fr\/index.php\/activite\/\" style=\"border-width:13px;border-radius:100px;color:#fcfcfc82;background-color:#00d1843b;padding-top:var(--wp--preset--spacing--20);padding-right:0;padding-bottom:var(--wp--preset--spacing--20);padding-left:0;font-size:12px\">Pr\u00e9c\u00e9dente<\/a><\/div>\n<\/div>\n","protected":false},"excerpt":{"rendered":"<p>Chanson aborig\u00e8ne ta\u00efwanaise En silence, quelque chose m\u00fbrit Chanson traditionnelle chinoise En silence, quelque chose m\u00fbrit<\/p>\n","protected":false},"author":1,"featured_media":0,"parent":0,"menu_order":0,"comment_status":"closed","ping_status":"closed","template":"","meta":{"_seopress_robots_primary_cat":"","_seopress_titles_title":"","_seopress_titles_desc":"","_seopress_robots_index":"","footnotes":""},"class_list":["post-1054","page","type-page","status-publish","hentry"],"_links":{"self":[{"href":"https:\/\/taivoan.fr\/index.php\/wp-json\/wp\/v2\/pages\/1054","targetHints":{"allow":["GET"]}}],"collection":[{"href":"https:\/\/taivoan.fr\/index.php\/wp-json\/wp\/v2\/pages"}],"about":[{"href":"https:\/\/taivoan.fr\/index.php\/wp-json\/wp\/v2\/types\/page"}],"author":[{"embeddable":true,"href":"https:\/\/taivoan.fr\/index.php\/wp-json\/wp\/v2\/users\/1"}],"replies":[{"embeddable":true,"href":"https:\/\/taivoan.fr\/index.php\/wp-json\/wp\/v2\/comments?post=1054"}],"version-history":[{"count":50,"href":"https:\/\/taivoan.fr\/index.php\/wp-json\/wp\/v2\/pages\/1054\/revisions"}],"predecessor-version":[{"id":1320,"href":"https:\/\/taivoan.fr\/index.php\/wp-json\/wp\/v2\/pages\/1054\/revisions\/1320"}],"wp:attachment":[{"href":"https:\/\/taivoan.fr\/index.php\/wp-json\/wp\/v2\/media?parent=1054"}],"curies":[{"name":"wp","href":"https:\/\/api.w.org\/{rel}","templated":true}]}}